{"id":11,"date":"2014-02-26T08:54:24","date_gmt":"2014-02-26T08:54:24","guid":{"rendered":"http:\/\/www.abatonsworld.com\/animalses\/?page_id=11"},"modified":"2016-09-20T14:12:31","modified_gmt":"2016-09-20T14:12:31","slug":"a-minha-colecao","status":"publish","type":"page","link":"http:\/\/www.abatonsworld.com\/animals-pt\/a-minha-colecao\/","title":{"rendered":"A minha cole\u00e7\u00e3o"},"content":{"rendered":"<p><strong>Quando te tiveres registado, ter\u00e1s a tua cole\u00e7\u00e3o digital para que n\u00e3o te escape nenhum Abaton.<\/strong><\/p>\n<p><strong>Poder\u00e1s marcar os \u201ctenho\u201d e os \u201cfaltam\u201d com um s\u00f3 clique!<\/strong><\/p>\n<p><strong>Lembra-te de que podes imprimir a tua lista para a levares contigo para onde quiseres!<\/strong><\/p>\n","protected":false},"excerpt":{"rendered":"<p>Quando te tiveres registado, ter\u00e1s a tua cole\u00e7\u00e3o digital para que n\u00e3o te escape nenhum Abaton. Poder\u00e1s marcar os \u201ctenho\u201d e os \u201cfaltam\u201d com um s\u00f3 clique! Lembra-te de que podes imprimir a tua lista para a levares contigo para onde quiseres!<\/p>\n","protected":false},"author":1,"featured_media":4284,"parent":0,"menu_order":0,"comment_status":"closed","ping_status":"closed","template":"page-micoleccion-animals.php","meta":{"footnotes":""},"class_list":["post-11","page","type-page","status-publish","has-post-thumbnail","hentry"],"_links":{"self":[{"href":"http:\/\/www.abatonsworld.com\/animals-pt\/wp-json\/wp\/v2\/pages\/11","targetHints":{"allow":["GET"]}}],"collection":[{"href":"http:\/\/www.abatonsworld.com\/animals-pt\/wp-json\/wp\/v2\/pages"}],"about":[{"href":"http:\/\/www.abatonsworld.com\/animals-pt\/wp-json\/wp\/v2\/types\/page"}],"author":[{"embeddable":true,"href":"http:\/\/www.abatonsworld.com\/animals-pt\/wp-json\/wp\/v2\/users\/1"}],"replies":[{"embeddable":true,"href":"http:\/\/www.abatonsworld.com\/animals-pt\/wp-json\/wp\/v2\/comments?post=11"}],"version-history":[{"count":31,"href":"http:\/\/www.abatonsworld.com\/animals-pt\/wp-json\/wp\/v2\/pages\/11\/revisions"}],"predecessor-version":[{"id":4377,"href":"http:\/\/www.abatonsworld.com\/animals-pt\/wp-json\/wp\/v2\/pages\/11\/revisions\/4377"}],"wp:featuredmedia":[{"embeddable":true,"href":"http:\/\/www.abatonsworld.com\/animals-pt\/wp-json\/wp\/v2\/media\/4284"}],"wp:attachment":[{"href":"http:\/\/www.abatonsworld.com\/animals-pt\/wp-json\/wp\/v2\/media?parent=11"}],"curies":[{"name":"wp","href":"https:\/\/api.w.org\/{rel}","templated":true}]}}