{"id":299,"date":"2014-03-28T11:44:53","date_gmt":"2014-03-28T11:44:53","guid":{"rendered":"http:\/\/www.abatonsworld.com\/es\/?page_id=299"},"modified":"2014-10-01T13:38:21","modified_gmt":"2014-10-01T13:38:21","slug":"concurso","status":"publish","type":"page","link":"http:\/\/www.abatonsworld.com\/es\/concurso\/","title":{"rendered":"\u00a1Desaf\u00edo Abatons!"},"content":{"rendered":"<p>\u00bf Tienes esp\u00edritu de constructor? Pues manos a la obra, desaf\u00eda a tus amigos, junta tus Abatons, construye tu propio t\u00f3tem Abatons y&#8230;\u00a1consigue tu premio!<\/p>\n<p>\u00bfQu\u00e9 tienes que hacer?<\/p>\n<ol>\n<li>Construye tu propio T\u00f3tem Abaton, \u00a1s\u00e9 creativo!<\/li>\n<li>\u00a1Hazle una foto!<\/li>\n<li>Dale al boton enviar<\/li>\n<\/ol>\n<p>Las mejores fotos ser\u00e1n publicadas en esta web y \u00a1la m\u00e1s original ganar\u00e1 cada semana la camiseta Atabons Team en edici\u00f3n limitada!<\/p>\n<p>&nbsp;<\/p>\n<p><a title=\"bases\" href=\"http:\/\/www.abatonsworld.com\/es\/bases\/\">Lee las bases<\/a><\/p>\n","protected":false},"excerpt":{"rendered":"<p>\u00bf Tienes esp\u00edritu de constructor? Pues manos a la obra, desaf\u00eda a tus amigos, junta tus Abatons, construye tu propio t\u00f3tem Abatons y&#8230;\u00a1consigue tu premio! \u00bfQu\u00e9 tienes que hacer? Construye tu propio T\u00f3tem Abaton, \u00a1s\u00e9 creativo! \u00a1Hazle una foto! Dale al boton enviar Las mejores fotos ser\u00e1n publicadas en esta web y \u00a1la m\u00e1s original&#8230;  <a href=\"http:\/\/www.abatonsworld.com\/es\/concurso\/\" class=\"more-link\" title=\"Read \u00a1Desaf\u00edo Abatons!\">Read more &raquo;<\/a><\/p>\n","protected":false},"author":1,"featured_media":734,"parent":0,"menu_order":0,"comment_status":"closed","ping_status":"open","template":"page-concurso.php","meta":{"footnotes":""},"class_list":["post-299","page","type-page","status-publish","has-post-thumbnail","hentry"],"_links":{"self":[{"href":"http:\/\/www.abatonsworld.com\/es\/wp-json\/wp\/v2\/pages\/299","targetHints":{"allow":["GET"]}}],"collection":[{"href":"http:\/\/www.abatonsworld.com\/es\/wp-json\/wp\/v2\/pages"}],"about":[{"href":"http:\/\/www.abatonsworld.com\/es\/wp-json\/wp\/v2\/types\/page"}],"author":[{"embeddable":true,"href":"http:\/\/www.abatonsworld.com\/es\/wp-json\/wp\/v2\/users\/1"}],"replies":[{"embeddable":true,"href":"http:\/\/www.abatonsworld.com\/es\/wp-json\/wp\/v2\/comments?post=299"}],"version-history":[{"count":18,"href":"http:\/\/www.abatonsworld.com\/es\/wp-json\/wp\/v2\/pages\/299\/revisions"}],"predecessor-version":[{"id":744,"href":"http:\/\/www.abatonsworld.com\/es\/wp-json\/wp\/v2\/pages\/299\/revisions\/744"}],"wp:featuredmedia":[{"embeddable":true,"href":"http:\/\/www.abatonsworld.com\/es\/wp-json\/wp\/v2\/media\/734"}],"wp:attachment":[{"href":"http:\/\/www.abatonsworld.com\/es\/wp-json\/wp\/v2\/media?parent=299"}],"curies":[{"name":"wp","href":"https:\/\/api.w.org\/{rel}","templated":true}]}}