{"id":8,"date":"2014-02-26T08:51:29","date_gmt":"2014-02-26T08:51:29","guid":{"rendered":"http:\/\/www.abatonsworld.com\/fi\/?page_id=8"},"modified":"2015-04-09T14:33:53","modified_gmt":"2015-04-09T14:33:53","slug":"mista-abatonit-tulevat","status":"publish","type":"page","link":"http:\/\/www.abatonsworld.com\/fi\/mista-abatonit-tulevat\/","title":{"rendered":"MIST\u00c4 ABATONIT TULEVAT?"},"content":{"rendered":"<div>\t\t<div id=\"cptbc_327\" class=\"carousel slide\"  data-interval=\"5000\">\n\n\t\t\t\n\t\t\t<div class=\"carousel-inner\">\n\t\t\t\n\t\t\t\t<div class=\"item active\" id=\"cptbc-item-625\" >\n\t\t\t\t\t<a href=\"http:\/\/www.abatonsworld.com\/fi\/blog\/tribu\/kamayak\/\"><img decoding=\"async\" src=\"http:\/\/www.abatonsworld.com\/fi\/wp-content\/uploads\/sites\/7\/2014\/09\/Kamayak_Illustration.jpg\" class=\"attachment-full size-full wp-post-image\" alt=\"\" srcset=\"http:\/\/www.abatonsworld.com\/fi\/wp-content\/uploads\/sites\/7\/2014\/09\/Kamayak_Illustration.jpg 792w, http:\/\/www.abatonsworld.com\/fi\/wp-content\/uploads\/sites\/7\/2014\/09\/Kamayak_Illustration-300x204.jpg 300w, http:\/\/www.abatonsworld.com\/fi\/wp-content\/uploads\/sites\/7\/2014\/09\/Kamayak_Illustration-215x146.jpg 215w, http:\/\/www.abatonsworld.com\/fi\/wp-content\/uploads\/sites\/7\/2014\/09\/Kamayak_Illustration-103x70.jpg 103w\" sizes=\"(max-width: 792px) 100vw, 792px\" \/><\/a><div class=\"carousel-caption\"><p><a href=\"http:\/\/www.abatonsworld.com\/fi\/blog\/tribu\/kamayak\/\">Mayojen kulttuuri on yksi maapallon arvostetuimmista ja tutkituimmista kulttuureista ja nyt on saatu selville, ett\u00e4 se on per\u00e4isin fuksianv\u00e4risest\u00e4 abatonheimosta nimelt\u00e4 kamayakit. He ovat hyvin sosiaalisia musiikin ja viihteen taitajia. T\u00e4m\u00e4 tarkoittaa my\u00f6s, ett\u00e4 heill\u00e4 on taiteilijan temperamentti\u2026 yleens\u00e4 on parempi saada heid\u00e4t pit\u00e4m\u00e4\u00e4n sinusta kuin kohdata heid\u00e4n raivonsa. Tilanne saattaa nopeasti muuttua komediasta tragediaksi! He kuuluvat ABATONEIHIN, jotka ovat saaneet eniten huomiota osakseen. He eiv\u00e4t yksinkertaisesti voi vastustaa aplodeja tai pient\u00e4 musiikkihetke\u00e4. Kaikki musiikki k\u00e4y, kunhan se soitetaan tunteella.<\/a><\/p><\/div>\t\t\t\t<\/div>\n\t\t\t\n\t\t\t\t<div class=\"item \" id=\"cptbc-item-298\" >\n\t\t\t\t\t<a href=\"http:\/\/www.abatonsworld.com\/fi\/blog\/tribu\/tuttenet\/\"><img decoding=\"async\" src=\"http:\/\/www.abatonsworld.com\/fi\/wp-content\/uploads\/sites\/7\/2014\/03\/historia-02.jpg\" class=\"attachment-full size-full wp-post-image\" alt=\"\" srcset=\"http:\/\/www.abatonsworld.com\/fi\/wp-content\/uploads\/sites\/7\/2014\/03\/historia-02.jpg 792w, http:\/\/www.abatonsworld.com\/fi\/wp-content\/uploads\/sites\/7\/2014\/03\/historia-02-300x204.jpg 300w, http:\/\/www.abatonsworld.com\/fi\/wp-content\/uploads\/sites\/7\/2014\/03\/historia-02-215x146.jpg 215w, http:\/\/www.abatonsworld.com\/fi\/wp-content\/uploads\/sites\/7\/2014\/03\/historia-02-103x70.jpg 103w\" sizes=\"(max-width: 792px) 100vw, 792px\" \/><\/a><div class=\"carousel-caption\"><p><a href=\"http:\/\/www.abatonsworld.com\/fi\/blog\/tribu\/tuttenet\/\">Tuttenetit vierailivat Egyptiss\u00e4 faaraoiden aikaan. Ei pid\u00e4 unohtaa, ett\u00e4 ABATONIT ovat per\u00e4isin kulttuurista, joka on huomattavasti ihmiskuntaa edell\u00e4. TUTTENETIT ovat yksi niist\u00e4 heimoista, jotka hallitsevat l\u00e4hes kaikki tieteenalat. T\u00e4m\u00e4 saattaa joskus tehd\u00e4 heist\u00e4 hieman ylimielisi\u00e4. Jos kuitenkin annat heid\u00e4n selitt\u00e4\u00e4, mist\u00e4 heid\u00e4n HEIMOSSAAN on kysymys, he jakavat tietonsa mielell\u00e4\u00e4n. T\u00e4m\u00e4n oppivat jo muinaiset egyptil\u00e4iset. Vaikka joskus he saattavat olla hieman salaper\u00e4isi\u00e4!  <\/a><\/p><\/div>\t\t\t\t<\/div>\n\t\t\t\n\t\t\t\t<div class=\"item \" id=\"cptbc-item-621\" >\n\t\t\t\t\t<a href=\"http:\/\/www.abatonsworld.com\/fi\/blog\/tribu\/polyweep\/\"><img decoding=\"async\" src=\"http:\/\/www.abatonsworld.com\/fi\/wp-content\/uploads\/sites\/7\/2014\/09\/Polyweep_Illustration.jpg\" class=\"attachment-full size-full wp-post-image\" alt=\"\" srcset=\"http:\/\/www.abatonsworld.com\/fi\/wp-content\/uploads\/sites\/7\/2014\/09\/Polyweep_Illustration.jpg 792w, http:\/\/www.abatonsworld.com\/fi\/wp-content\/uploads\/sites\/7\/2014\/09\/Polyweep_Illustration-300x204.jpg 300w, http:\/\/www.abatonsworld.com\/fi\/wp-content\/uploads\/sites\/7\/2014\/09\/Polyweep_Illustration-215x146.jpg 215w, http:\/\/www.abatonsworld.com\/fi\/wp-content\/uploads\/sites\/7\/2014\/09\/Polyweep_Illustration-103x70.jpg 103w\" sizes=\"(max-width: 792px) 100vw, 792px\" \/><\/a><div class=\"carousel-caption\"><p><a href=\"http:\/\/www.abatonsworld.com\/fi\/blog\/tribu\/polyweep\/\">POLYWEEPIT ovat antaneet vaikutteita Polynesiassa el\u00e4v\u00e4n kulttuurin pukeutumiseen, perinteisiin, rituaaleihin ja jopa tansseihin. Polyweepit ovat onnellisia miss\u00e4 tahansa, kunhan l\u00e4hell\u00e4 on vett\u00e4 \u2013 joki, j\u00e4rvi tai puro. Parhaiten he viihtyv\u00e4t kuitenkin aavalla valtamerell\u00e4. My\u00f6s polynesialaiset heimot arvostavat vett\u00e4. Se ei ole yll\u00e4tt\u00e4v\u00e4\u00e4, sill\u00e4 he joutuvat siirtym\u00e4\u00e4n joka paikkaan kanootilla, jopa vieraillakseen sukulaistensa luona! He tutustuivat POLYWEEPEIHIN eri saarien v\u00e4lill\u00e4 ja pitiv\u00e4t heit\u00e4 yksinkertaisesti upeina. Siksi n\u00e4et puisia kaiverrettuja TOTEEMEJA heid\u00e4n majojensa yl\u00e4puolella. Ne n\u00e4kyv\u00e4t merelt\u00e4 ja niiden tarkoituksena on kutsua POLYWEEPEJ\u00c4 kyl\u00e4\u00e4n silloin t\u00e4ll\u00f6in.<\/a><\/p><\/div>\t\t\t\t<\/div>\n\t\t\t\n\t\t\t\t<div class=\"item \" id=\"cptbc-item-317\" >\n\t\t\t\t\t<a href=\"http:\/\/www.abatonsworld.com\/fi\/blog\/tribu\/monglom\/\"><img decoding=\"async\" src=\"http:\/\/www.abatonsworld.com\/fi\/wp-content\/uploads\/sites\/7\/2014\/03\/historia-04.jpg\" class=\"attachment-full size-full wp-post-image\" alt=\"\" srcset=\"http:\/\/www.abatonsworld.com\/fi\/wp-content\/uploads\/sites\/7\/2014\/03\/historia-04.jpg 792w, http:\/\/www.abatonsworld.com\/fi\/wp-content\/uploads\/sites\/7\/2014\/03\/historia-04-300x204.jpg 300w, http:\/\/www.abatonsworld.com\/fi\/wp-content\/uploads\/sites\/7\/2014\/03\/historia-04-215x146.jpg 215w, http:\/\/www.abatonsworld.com\/fi\/wp-content\/uploads\/sites\/7\/2014\/03\/historia-04-103x70.jpg 103w, http:\/\/www.abatonsworld.com\/fi\/wp-content\/uploads\/sites\/7\/2014\/03\/historia-04-745x509.jpg 745w\" sizes=\"(max-width: 792px) 100vw, 792px\" \/><\/a><div class=\"carousel-caption\"><p><a href=\"http:\/\/www.abatonsworld.com\/fi\/blog\/tribu\/monglom\/\">Er\u00e4\u00e4n\u00e4 p\u00e4iv\u00e4n\u00e4 muinaiset mongolisoturit nousivat hevostensa selk\u00e4\u00e4n\u2026 ja valloittivat puoli maailmaa! Sen perusteella voisi kuvitella, ett\u00e4 monglomien heimo on hyvin v\u00e4kivaltainen, mutta todellisuudessa he harkitsevat ennen kuin toimivat. Vaikka he ovat hyvin kylmi\u00e4, on parempi kuitenkin siirty\u00e4 et\u00e4\u00e4lle, jos sytytyslanka syttyy. He ovat eritt\u00e4in r\u00e4j\u00e4hdysherkki\u00e4. N\u00e4in tapahtui menneisyyden mongolisotureille ja se toimii hyv\u00e4n\u00e4 opetuksena monglomeista \u2013 kunnioita heit\u00e4 tai k\u00e4rsi seurauksista!<\/a><\/p><\/div>\t\t\t\t<\/div>\n\t\t\t\n\t\t\t\t<div class=\"item \" id=\"cptbc-item-315\" >\n\t\t\t\t\t<a href=\"http:\/\/www.abatonsworld.com\/fi\/blog\/tribu\/zatecaz\/\"><img decoding=\"async\" src=\"http:\/\/www.abatonsworld.com\/fi\/wp-content\/uploads\/sites\/7\/2014\/03\/Zaztecaz_Illustration.jpg\" class=\"attachment-full size-full wp-post-image\" alt=\"\" srcset=\"http:\/\/www.abatonsworld.com\/fi\/wp-content\/uploads\/sites\/7\/2014\/03\/Zaztecaz_Illustration.jpg 792w, http:\/\/www.abatonsworld.com\/fi\/wp-content\/uploads\/sites\/7\/2014\/03\/Zaztecaz_Illustration-300x204.jpg 300w, http:\/\/www.abatonsworld.com\/fi\/wp-content\/uploads\/sites\/7\/2014\/03\/Zaztecaz_Illustration-215x146.jpg 215w, http:\/\/www.abatonsworld.com\/fi\/wp-content\/uploads\/sites\/7\/2014\/03\/Zaztecaz_Illustration-103x70.jpg 103w\" sizes=\"(max-width: 792px) 100vw, 792px\" \/><\/a><div class=\"carousel-caption\"><p><a href=\"http:\/\/www.abatonsworld.com\/fi\/blog\/tribu\/zatecaz\/\">Zazteekit oleskelivat Meksikossa 1300-luvulla. Siell\u00e4 ollessaan he vaikuttivat syv\u00e4sti atsteekkeihin. P\u00e4\u00e4asiassa heid\u00e4n ulkoiseen olemukseensa. Muinaiset atsteekit olivat etevi\u00e4 rakentajia ja organisoijia, mutta tunnetusti my\u00f6s melko \u00e4kkipikaisia. Ehk\u00e4 juuri t\u00e4m\u00e4n vuoksi he yst\u00e4vystyiv\u00e4t kaikista abatoneista juuri ZAZTEEKKIEN kanssa, joilla on samanlaisia luonteenpiirteit\u00e4. Heid\u00e4n TOTEEMEJAAN voidaan l\u00f6yt\u00e4\u00e4 porrastettuja pyramideja koristavista veistetyist\u00e4 kivinurkista, toisia enemm\u00e4n, toisia v\u00e4hemm\u00e4n. Esimerkiksi Zydecola ja Ziggy poseeraavat t\u00e4ss\u00e4, mutta Zumaa ei n\u00e4y h\u00e4nen huippusalaisen ty\u00f6ns\u00e4 vuoksi. ZAZTEEKIT kertoivat salaisuutensa joillekin ihmisille, mutta atsteekit eiv\u00e4t j\u00e4tt\u00e4neet j\u00e4lkeens\u00e4 mit\u00e4\u00e4n kirjoitettua. Kukaan ei tied\u00e4 mit\u00e4\u00e4n heid\u00e4n arvoituksistaan!<\/a><\/p><\/div>\t\t\t\t<\/div>\n\t\t\t\n\t\t\t\t<div class=\"item \" id=\"cptbc-item-294\" >\n\t\t\t\t\t<a href=\"http:\/\/www.abatonsworld.com\/fi\/blog\/tribu\/uluzu\/\"><img decoding=\"async\" src=\"http:\/\/www.abatonsworld.com\/fi\/wp-content\/uploads\/sites\/7\/2014\/03\/historia-01.jpg\" class=\"attachment-full size-full wp-post-image\" alt=\"\" srcset=\"http:\/\/www.abatonsworld.com\/fi\/wp-content\/uploads\/sites\/7\/2014\/03\/historia-01.jpg 792w, http:\/\/www.abatonsworld.com\/fi\/wp-content\/uploads\/sites\/7\/2014\/03\/historia-01-300x204.jpg 300w, http:\/\/www.abatonsworld.com\/fi\/wp-content\/uploads\/sites\/7\/2014\/03\/historia-01-215x146.jpg 215w, http:\/\/www.abatonsworld.com\/fi\/wp-content\/uploads\/sites\/7\/2014\/03\/historia-01-103x70.jpg 103w\" sizes=\"(max-width: 792px) 100vw, 792px\" \/><\/a><div class=\"carousel-caption\"><p><a href=\"http:\/\/www.abatonsworld.com\/fi\/blog\/tribu\/uluzu\/\">Abatonit ovat erikoisia olentoja, jotka ovat olleet keskuudessamme muinaisista ajoista. Abatonit tulevat eri paikasta, he eiv\u00e4t ole kotoisin maapallolta. Abatonit ovat k\u00e4yneet maapallolla useita kertoja l\u00e4pi historiamme. Uluzut ovat yleens\u00e4 yst\u00e4v\u00e4llisi\u00e4. Heid\u00e4t tunnetaan eniten ihmisi\u00e4 tavanneina abatoneina. Kaikki alkukantaiset maalaukset, naamarit ja kivikaiverrukset todistavat t\u00e4st\u00e4. L\u00e4hes puolet TOTEEMEISTA n\u00e4ytt\u00e4\u00e4 hieman ULUZUILTA. T\u00e4m\u00e4 johtuu siit\u00e4, ett\u00e4 heid\u00e4t tunnetaan niin hyvin. Sana heid\u00e4n avuliaisuudestaan on kiert\u00e4nyt. He ovat eritt\u00e4in suosittuja.<\/a><\/p><\/div>\t\t\t\t<\/div>\n\t\t\t\n\t\t\t\t<div class=\"item \" id=\"cptbc-item-627\" >\n\t\t\t\t\t<a href=\"http:\/\/www.abatonsworld.com\/fi\/blog\/tribu\/apachakota\/\"><img decoding=\"async\" src=\"http:\/\/www.abatonsworld.com\/fi\/wp-content\/uploads\/sites\/7\/2014\/09\/Apachakota_Illustration.jpg\" class=\"attachment-full size-full wp-post-image\" alt=\"\" srcset=\"http:\/\/www.abatonsworld.com\/fi\/wp-content\/uploads\/sites\/7\/2014\/09\/Apachakota_Illustration.jpg 792w, http:\/\/www.abatonsworld.com\/fi\/wp-content\/uploads\/sites\/7\/2014\/09\/Apachakota_Illustration-300x204.jpg 300w, http:\/\/www.abatonsworld.com\/fi\/wp-content\/uploads\/sites\/7\/2014\/09\/Apachakota_Illustration-215x146.jpg 215w, http:\/\/www.abatonsworld.com\/fi\/wp-content\/uploads\/sites\/7\/2014\/09\/Apachakota_Illustration-103x70.jpg 103w\" sizes=\"(max-width: 792px) 100vw, 792px\" \/><\/a><div class=\"carousel-caption\"><p><a href=\"http:\/\/www.abatonsworld.com\/fi\/blog\/tribu\/apachakota\/\">Kaikki tiet\u00e4v\u00e4t, ett\u00e4 Kristoffer Kolumbus l\u00f6ysi Amerikan.  Kukaan ei kuitenkaan tied\u00e4, ett\u00e4 ennen t\u00e4t\u00e4 apassikotat olivat jo vierailleet Uudessa maailmassa. APASSIKOTAT el\u00e4v\u00e4t t\u00e4ydellisess\u00e4 sopusoinnussa luonnon kanssa. He kykenev\u00e4t seuraamaan jokaista polkua, tulkitsemaan kaikkia luonnonilmi\u00f6it\u00e4 ja pyydyst\u00e4m\u00e4\u00e4n mit\u00e4 tahansa riistaa. T\u00e4m\u00e4n vuoksi monet Pohjois-Amerikan intiaaniheimoista yrittiv\u00e4t matkia heit\u00e4 vaihtelevin tuloksin\u2026 siit\u00e4 syntyi heid\u00e4n intohimonsa TOTEEMEIHIN. Amerikan intiaaniheimot ajattelivat my\u00f6s hallitsevansa s\u00e4\u00e4t\u00e4, mutta sen sijaan he antoivat meille tanssin. Voima\u2026 on ehdottomasti abatonien juttu!<\/a><\/p><\/div>\t\t\t\t<\/div>\n\t\t\t\n\t\t\t\t<div class=\"item \" id=\"cptbc-item-623\" >\n\t\t\t\t\t<a href=\"http:\/\/www.abatonsworld.com\/fi\/blog\/tribu\/scandivikis\/\"><img decoding=\"async\" src=\"http:\/\/www.abatonsworld.com\/fi\/wp-content\/uploads\/sites\/7\/2014\/09\/Skandivikis_Illustration.jpg\" class=\"attachment-full size-full wp-post-image\" alt=\"\" srcset=\"http:\/\/www.abatonsworld.com\/fi\/wp-content\/uploads\/sites\/7\/2014\/09\/Skandivikis_Illustration.jpg 792w, http:\/\/www.abatonsworld.com\/fi\/wp-content\/uploads\/sites\/7\/2014\/09\/Skandivikis_Illustration-300x204.jpg 300w, http:\/\/www.abatonsworld.com\/fi\/wp-content\/uploads\/sites\/7\/2014\/09\/Skandivikis_Illustration-215x146.jpg 215w, http:\/\/www.abatonsworld.com\/fi\/wp-content\/uploads\/sites\/7\/2014\/09\/Skandivikis_Illustration-103x70.jpg 103w\" sizes=\"(max-width: 792px) 100vw, 792px\" \/><\/a><div class=\"carousel-caption\"><p><a href=\"http:\/\/www.abatonsworld.com\/fi\/blog\/tribu\/scandivikis\/\">Abatonien historian tuntevissa pieniss\u00e4 piireiss\u00e4 sanotaan, ett\u00e4 syyn\u00e4 viikinkien tutkimusmatkoihin yli pohjoisten vesien olivat SKANDIVIIKIT. SKANDIVIIKKIEN filosofi Snorrin mukaan harvat ihmiset ymm\u00e4rt\u00e4v\u00e4t abatoneja paremmin kuin muinaiset viikingit. T\u00e4m\u00e4n vuoksi yksi heid\u00e4n eniten tapaamistaan heimoista olivat juuri viikingit. Heid\u00e4n TOTEEMIENSA siluetteja l\u00f6ytyy viikinkien kuuluisista puu- ja kivikaiverruksista. Miksi? Koska muinaiset viikingit ja SKANDIVIIKIT jakoivat saman intohimon haasteeseen \u2013 jos joku l\u00f6i vetoa\u2026 sek\u00e4 viikingit ett\u00e4 abatonit hyv\u00e4ksyiv\u00e4t haasteen varmasti!\r\n<\/a><\/p><\/div>\t\t\t\t<\/div>\n\t\t\t\t\t\t<\/div>\n\n\t\t\t\t\t\t\t\t<a class=\"left carousel-control\" href=\"#cptbc_327\" data-slide=\"prev\">\u2039<\/a>\n\t\t\t\t\t<a class=\"right carousel-control\" href=\"#cptbc_327\" data-slide=\"next\">\u203a<\/a>\n\t\t\t\t\n\t\t<\/div>\n\n        \t\t<script type=\"text\/javascript\">\n\t\t\tjQuery(document).ready(function() {\n\t\t\t\tjQuery('#cptbc_327').carousel({\n\t\t\t\t\tinterval: 5000\t\t\t\t});\n\t\t\t});\n\t\t<\/script>\n        <\/div>\n","protected":false},"excerpt":{"rendered":"","protected":false},"author":1,"featured_media":0,"parent":0,"menu_order":0,"comment_status":"closed","ping_status":"closed","template":"page-rightsidebar-slider.php","meta":{"footnotes":""},"class_list":["post-8","page","type-page","status-publish","hentry"],"_links":{"self":[{"href":"http:\/\/www.abatonsworld.com\/fi\/wp-json\/wp\/v2\/pages\/8","targetHints":{"allow":["GET"]}}],"collection":[{"href":"http:\/\/www.abatonsworld.com\/fi\/wp-json\/wp\/v2\/pages"}],"about":[{"href":"http:\/\/www.abatonsworld.com\/fi\/wp-json\/wp\/v2\/types\/page"}],"author":[{"embeddable":true,"href":"http:\/\/www.abatonsworld.com\/fi\/wp-json\/wp\/v2\/users\/1"}],"replies":[{"embeddable":true,"href":"http:\/\/www.abatonsworld.com\/fi\/wp-json\/wp\/v2\/comments?post=8"}],"version-history":[{"count":5,"href":"http:\/\/www.abatonsworld.com\/fi\/wp-json\/wp\/v2\/pages\/8\/revisions"}],"predecessor-version":[{"id":3973,"href":"http:\/\/www.abatonsworld.com\/fi\/wp-json\/wp\/v2\/pages\/8\/revisions\/3973"}],"wp:attachment":[{"href":"http:\/\/www.abatonsworld.com\/fi\/wp-json\/wp\/v2\/media?parent=8"}],"curies":[{"name":"wp","href":"https:\/\/api.w.org\/{rel}","templated":true}]}}