{"id":11,"date":"2014-02-26T08:54:24","date_gmt":"2014-02-26T08:54:24","guid":{"rendered":"http:\/\/www.abatonsworld.com\/pt\/?page_id=11"},"modified":"2015-04-21T07:04:52","modified_gmt":"2015-04-21T07:04:52","slug":"a-minha-colecao","status":"publish","type":"page","link":"http:\/\/www.abatonsworld.com\/pt\/a-minha-colecao\/","title":{"rendered":"A minha cole\u00e7ao"},"content":{"rendered":"<p class=\"p1\">Uma vez registado,\u00a0 ter\u00e1s a tua cole\u00e7\u00e3o digital para\u00a0 n\u00e3o te fugir nenhum Abaton.<\/p>\n<p class=\"p1\">Poder\u00e1s marcar os teus \u201ctenguis\u201d e os teus \u201cfaltis\u201d com apenas um clique!<\/p>\n<p class=\"p1\">Lembra-te que podes imprimir a tua lista para a levares para a escola ou para onde tu quiseres.<\/p>\n","protected":false},"excerpt":{"rendered":"<p>Uma vez registado,\u00a0 ter\u00e1s a tua cole\u00e7\u00e3o digital para\u00a0 n\u00e3o te fugir nenhum Abaton. Poder\u00e1s marcar os teus \u201ctenguis\u201d e os teus \u201cfaltis\u201d com apenas um clique! Lembra-te que podes imprimir a tua lista para a levares para a escola ou para onde tu quiseres.<\/p>\n","protected":false},"author":1,"featured_media":522,"parent":0,"menu_order":0,"comment_status":"closed","ping_status":"closed","template":"page-micoleccion.php","meta":{"footnotes":""},"class_list":["post-11","page","type-page","status-publish","has-post-thumbnail","hentry"],"_links":{"self":[{"href":"http:\/\/www.abatonsworld.com\/pt\/wp-json\/wp\/v2\/pages\/11","targetHints":{"allow":["GET"]}}],"collection":[{"href":"http:\/\/www.abatonsworld.com\/pt\/wp-json\/wp\/v2\/pages"}],"about":[{"href":"http:\/\/www.abatonsworld.com\/pt\/wp-json\/wp\/v2\/types\/page"}],"author":[{"embeddable":true,"href":"http:\/\/www.abatonsworld.com\/pt\/wp-json\/wp\/v2\/users\/1"}],"replies":[{"embeddable":true,"href":"http:\/\/www.abatonsworld.com\/pt\/wp-json\/wp\/v2\/comments?post=11"}],"version-history":[{"count":28,"href":"http:\/\/www.abatonsworld.com\/pt\/wp-json\/wp\/v2\/pages\/11\/revisions"}],"predecessor-version":[{"id":703,"href":"http:\/\/www.abatonsworld.com\/pt\/wp-json\/wp\/v2\/pages\/11\/revisions\/703"}],"wp:featuredmedia":[{"embeddable":true,"href":"http:\/\/www.abatonsworld.com\/pt\/wp-json\/wp\/v2\/media\/522"}],"wp:attachment":[{"href":"http:\/\/www.abatonsworld.com\/pt\/wp-json\/wp\/v2\/media?parent=11"}],"curies":[{"name":"wp","href":"https:\/\/api.w.org\/{rel}","templated":true}]}}