{"id":8,"date":"2014-02-26T08:51:29","date_gmt":"2014-02-26T08:51:29","guid":{"rendered":"http:\/\/www.abatonsworld.com\/pt\/?page_id=8"},"modified":"2014-12-29T11:56:15","modified_gmt":"2014-12-29T11:56:15","slug":"de-onde-vem-os-abatons","status":"publish","type":"page","link":"http:\/\/www.abatonsworld.com\/pt\/de-onde-vem-os-abatons\/","title":{"rendered":"De onde v\u00eam os Abatons?"},"content":{"rendered":"<div>\t\t<div id=\"cptbc_443\" class=\"carousel slide\"  data-interval=\"5000\">\n\n\t\t\t\n\t\t\t<div class=\"carousel-inner\">\n\t\t\t\n\t\t\t\t<div class=\"item active\" id=\"cptbc-item-317\" >\n\t\t\t\t\t<img decoding=\"async\" src=\"http:\/\/www.abatonsworld.com\/pt\/wp-content\/uploads\/sites\/3\/2014\/03\/Kamayak_Illustration.jpg\" class=\"attachment-full size-full wp-post-image\" alt=\"\" srcset=\"http:\/\/www.abatonsworld.com\/pt\/wp-content\/uploads\/sites\/3\/2014\/03\/Kamayak_Illustration.jpg 792w, http:\/\/www.abatonsworld.com\/pt\/wp-content\/uploads\/sites\/3\/2014\/03\/Kamayak_Illustration-300x204.jpg 300w, http:\/\/www.abatonsworld.com\/pt\/wp-content\/uploads\/sites\/3\/2014\/03\/Kamayak_Illustration-215x146.jpg 215w, http:\/\/www.abatonsworld.com\/pt\/wp-content\/uploads\/sites\/3\/2014\/03\/Kamayak_Illustration-103x70.jpg 103w\" sizes=\"(max-width: 792px) 100vw, 792px\" \/><div class=\"carousel-caption\"><p>A cultura Maia foi uma das culturas mais admiradas e estudadas, o seu in\u00edcio \u00e9 tal como o conhecemos hoje, na tribo Abaton de Cor f\u00facsia, os Kamayak. Que o teu  poder seja o som Abatons, pode ser dif\u00edcil de entender at\u00e9 te encontrares com  o primeiro KAMAYAK. S\u00e3o super soci\u00e1veis e s\u00e3o do melhor no que concerne \u00e0 m\u00fasica e ao espet\u00e1culo tendo, por isso, tend\u00eancia para  temperamentos art\u00edsticos\u2026\r\nRegra geral, \u00e9 melhor cair-lhes em gra\u00e7a que enfrentar a sua f\u00faria, porque a situa\u00e7\u00e3o pode passar da com\u00e9dia \u00e0 tragedia muito rapidamente! S\u00e3o os ABATONS que mais se deixam ver, simplesmente porque n\u00e3o conseguem resistir a um grande aplauso ou a uma m\u00fasica, n\u00e3o importa o ritmo desde que seja tocada com emo\u00e7\u00e3o.<\/p><\/div>\t\t\t\t<\/div>\n\t\t\t\n\t\t\t\t<div class=\"item \" id=\"cptbc-item-298\" >\n\t\t\t\t\t<img decoding=\"async\" src=\"http:\/\/www.abatonsworld.com\/pt\/wp-content\/uploads\/sites\/3\/2014\/03\/historia-02.jpg\" class=\"attachment-full size-full wp-post-image\" alt=\"\" srcset=\"http:\/\/www.abatonsworld.com\/pt\/wp-content\/uploads\/sites\/3\/2014\/03\/historia-02.jpg 792w, http:\/\/www.abatonsworld.com\/pt\/wp-content\/uploads\/sites\/3\/2014\/03\/historia-02-300x204.jpg 300w, http:\/\/www.abatonsworld.com\/pt\/wp-content\/uploads\/sites\/3\/2014\/03\/historia-02-215x146.jpg 215w, http:\/\/www.abatonsworld.com\/pt\/wp-content\/uploads\/sites\/3\/2014\/03\/historia-02-103x70.jpg 103w\" sizes=\"(max-width: 792px) 100vw, 792px\" \/><div class=\"carousel-caption\"><p>Por exemplo, os Tuttenet visitaram o Egipto durante a \u00e9poca dos fara\u00f3s. Conv\u00e9m n\u00e3o esquecer que os Abatons prov\u00eam de uma civiliza\u00e7\u00e3o muita mais avan\u00e7ada que a humana e os Tuttenet encontram-se entre os que dominam mais disciplinas. Isso torna-os um pouco altivos. E, tal como aprenderam os antigos eg\u00edpcios, se queres que te expliquem o que \u00e9 a sua TRIBO, n\u00e3o t\u00eam qualquer problema em partilhar os seus conhecimentos, ainda que sempre o fa\u00e7am colocando uma pitada de mist\u00e9rio\u2026<\/p><\/div>\t\t\t\t<\/div>\n\t\t\t\n\t\t\t\t<div class=\"item \" id=\"cptbc-item-635\" >\n\t\t\t\t\t<img decoding=\"async\" src=\"http:\/\/www.abatonsworld.com\/pt\/wp-content\/uploads\/sites\/3\/2015\/03\/Polyweep_Illustration.jpg\" class=\"attachment-full size-full wp-post-image\" alt=\"\" srcset=\"http:\/\/www.abatonsworld.com\/pt\/wp-content\/uploads\/sites\/3\/2015\/03\/Polyweep_Illustration.jpg 792w, http:\/\/www.abatonsworld.com\/pt\/wp-content\/uploads\/sites\/3\/2015\/03\/Polyweep_Illustration-300x204.jpg 300w, http:\/\/www.abatonsworld.com\/pt\/wp-content\/uploads\/sites\/3\/2015\/03\/Polyweep_Illustration-215x146.jpg 215w, http:\/\/www.abatonsworld.com\/pt\/wp-content\/uploads\/sites\/3\/2015\/03\/Polyweep_Illustration-103x70.jpg 103w\" sizes=\"(max-width: 792px) 100vw, 792px\" \/><div class=\"carousel-caption\"><p>Os POLYWEEP influenciaram tanto no vestu\u00e1rio, nas tradi\u00e7\u00f5es, nos rituais como at\u00e9 nos bailes, uma cultura t\u00e3o caracter\u00edstica como a Polin\u00e9sia. Para os POLYWEEP qualquer lugar serve, desde que tenha \u00e1gua: rio, lago, riacho, mas \u00e9 no imenso oceano que eles se sentem bem, tal como as tribos polin\u00e9sias, o que \u00e9 muito normal, pois pegam na canoa para tudo, at\u00e9 para visitar a fam\u00edlia. Entre uma e outra ilha, foram encontrando os POLYWEEP com os quais simpatizaram. Raz\u00e3o pela qual, sobre as suas cabanas aparecem remates em forma de altos TOTEMS, que frequentemente s\u00e3o vistos desde o mar, sendo um convite aos POLYWEEP para os visitarem.<\/p><\/div>\t\t\t\t<\/div>\n\t\t\t\n\t\t\t\t<div class=\"item \" id=\"cptbc-item-639\" >\n\t\t\t\t\t<img decoding=\"async\" src=\"http:\/\/www.abatonsworld.com\/pt\/wp-content\/uploads\/sites\/3\/2015\/03\/Monglom.jpg\" class=\"attachment-full size-full wp-post-image\" alt=\"\" srcset=\"http:\/\/www.abatonsworld.com\/pt\/wp-content\/uploads\/sites\/3\/2015\/03\/Monglom.jpg 792w, http:\/\/www.abatonsworld.com\/pt\/wp-content\/uploads\/sites\/3\/2015\/03\/Monglom-300x204.jpg 300w, http:\/\/www.abatonsworld.com\/pt\/wp-content\/uploads\/sites\/3\/2015\/03\/Monglom-215x146.jpg 215w, http:\/\/www.abatonsworld.com\/pt\/wp-content\/uploads\/sites\/3\/2015\/03\/Monglom-103x70.jpg 103w\" sizes=\"(max-width: 792px) 100vw, 792px\" \/><div class=\"carousel-caption\"><p>Os antigos guerreiros mong\u00f3is um dia montaram nos seus cavalos... e conquistaram meio mundo! Isso sugere pensar que a tribo dos mong\u00f3is \u00e9 muito impulsiva. Mas, na realidade s\u00e3o dados \u00e0 reflex\u00e3o e pensam muito cuidadosamente nas coisas antes de agir. Contudo, s\u00e3o muito frios\u2026 sim, t\u00eam o pavio curto e, quando se acende, o melhor \u00e9 n\u00e3o estar por perto porque a explos\u00e3o est\u00e1 garantida. Isso aconteceu com os conquistadores mong\u00f3is e o seu lema \u00e9: respeitar ou enfrentar as consequ\u00eancias...!<\/p><\/div>\t\t\t\t<\/div>\n\t\t\t\n\t\t\t\t<div class=\"item \" id=\"cptbc-item-315\" >\n\t\t\t\t\t<img decoding=\"async\" src=\"http:\/\/www.abatonsworld.com\/pt\/wp-content\/uploads\/sites\/3\/2014\/03\/historia-03.jpg\" class=\"attachment-full size-full wp-post-image\" alt=\"\" srcset=\"http:\/\/www.abatonsworld.com\/pt\/wp-content\/uploads\/sites\/3\/2014\/03\/historia-03.jpg 792w, http:\/\/www.abatonsworld.com\/pt\/wp-content\/uploads\/sites\/3\/2014\/03\/historia-03-300x204.jpg 300w, http:\/\/www.abatonsworld.com\/pt\/wp-content\/uploads\/sites\/3\/2014\/03\/historia-03-215x146.jpg 215w, http:\/\/www.abatonsworld.com\/pt\/wp-content\/uploads\/sites\/3\/2014\/03\/historia-03-103x70.jpg 103w, http:\/\/www.abatonsworld.com\/pt\/wp-content\/uploads\/sites\/3\/2014\/03\/historia-03-745x509.jpg 745w\" sizes=\"(max-width: 792px) 100vw, 792px\" \/><div class=\"carousel-caption\"><p>Os Zaztecas estiveram no M\u00e9xico, no s\u00e9culo XIV. A sua perman\u00eancia influenciou profundamente os Astecas. Principalmente pela sua apar\u00eancia. Os antigos astecas destacaram-se pela constru\u00e7\u00e3o e pela organiza\u00e7\u00e3o, mas sabe-se que tinham muito mau car\u00e1cter. Talvez tenha sido por isso que os Abatons se relacionaram mais com os ZAZTECAZ, pois eram muito parecidos.\r\nNos blocos das pedras esculpidas que decoram as suas pir\u00e2mides escalonadas \u00e9 f\u00e1cil encontrar os seus totens, mais de uns que de outros, porque, por exemplo, Zydecola e Ziggy gostam de posar, mas ao Zuma, ningu\u00e9m lhe p\u00f5e a vista em cima, \u00e9 melhor para o seu trabalho secreto. \u00c9 claro que os ZAZTECAZ explicaram alguns de seus segredos, mas os astecas n\u00e3o os deixaram escritos e ningu\u00e9m sabe que mist\u00e9rios s\u00e3o esses.\r\n<\/p><\/div>\t\t\t\t<\/div>\n\t\t\t\n\t\t\t\t<div class=\"item \" id=\"cptbc-item-294\" >\n\t\t\t\t\t<img decoding=\"async\" src=\"http:\/\/www.abatonsworld.com\/pt\/wp-content\/uploads\/sites\/3\/2014\/03\/historia-01.jpg\" class=\"attachment-full size-full wp-post-image\" alt=\"\" srcset=\"http:\/\/www.abatonsworld.com\/pt\/wp-content\/uploads\/sites\/3\/2014\/03\/historia-01.jpg 792w, http:\/\/www.abatonsworld.com\/pt\/wp-content\/uploads\/sites\/3\/2014\/03\/historia-01-300x204.jpg 300w, http:\/\/www.abatonsworld.com\/pt\/wp-content\/uploads\/sites\/3\/2014\/03\/historia-01-215x146.jpg 215w, http:\/\/www.abatonsworld.com\/pt\/wp-content\/uploads\/sites\/3\/2014\/03\/historia-01-103x70.jpg 103w\" sizes=\"(max-width: 792px) 100vw, 792px\" \/><div class=\"carousel-caption\"><p>Os Abatons s\u00e3o seres especiais que permaneceram entre n\u00f3s desde os tempos antigos. Os Abatons v\u00eam de um lugar diferente, n\u00e3o s\u00e3o do planeta Terra. Os Abatons visitaram a Terra em v\u00e1rias ocasi\u00f5es ao longo da nossa hist\u00f3ria. Os Uluzu s\u00e3o, geralmente am\u00e1veis e sabe-se que foram os Abatons que visitaram os humanos durante mais tempo e com maior frequ\u00eancia; existem vest\u00edgios, pinturas primitivas, esculpidos em pedra, m\u00e1scaras... Quase metade dos TOTENS fazem lembrar um Uluzo, apesar de n\u00e3o terem estado em todas as partes, s\u00e3o muito conhecidos, deles se fala por toda a parte, pelo facto de estarem sempre prontos a ajudar os que necessitavam. S\u00e3o super populares!<\/p><\/div>\t\t\t\t<\/div>\n\t\t\t\n\t\t\t\t<div class=\"item \" id=\"cptbc-item-637\" >\n\t\t\t\t\t<img decoding=\"async\" src=\"http:\/\/www.abatonsworld.com\/pt\/wp-content\/uploads\/sites\/3\/2015\/03\/Apachakota_Illustration.jpg\" class=\"attachment-full size-full wp-post-image\" alt=\"\" srcset=\"http:\/\/www.abatonsworld.com\/pt\/wp-content\/uploads\/sites\/3\/2015\/03\/Apachakota_Illustration.jpg 792w, http:\/\/www.abatonsworld.com\/pt\/wp-content\/uploads\/sites\/3\/2015\/03\/Apachakota_Illustration-300x204.jpg 300w, http:\/\/www.abatonsworld.com\/pt\/wp-content\/uploads\/sites\/3\/2015\/03\/Apachakota_Illustration-215x146.jpg 215w, http:\/\/www.abatonsworld.com\/pt\/wp-content\/uploads\/sites\/3\/2015\/03\/Apachakota_Illustration-103x70.jpg 103w\" sizes=\"(max-width: 792px) 100vw, 792px\" \/><div class=\"carousel-caption\"><p>Todos sabem que Crist\u00f3v\u00e3o Colombo descobriu a Am\u00e9rica, mas o que nem todos sabem, \u00e9 que antes dele j\u00e1 os Apachakota tinham visitado o \u201cNovo Continente\u201d. Os APACHAKOTA est\u00e3o em perfeita sintonia com a natureza. N\u00e3o h\u00e1 rasto que n\u00e3o possam seguir, fen\u00f3meno que n\u00e3o saibam interpretar, nem ca\u00e7a que lhes escape. Por isso, muitas foram as tribos de \u00edndios da Am\u00e9rica do Norte que tentaram imit\u00e1-los, com mais ou menos \u00eaxito\u2026 e tinham grande paix\u00e3o pelos Totens. Pensavam, tamb\u00e9m, que podiam ter poder sobre o clima, mas a dan\u00e7a eles at\u00e9 faziam, mas o poder\u2026 \u00e9 coisa dos Abatons!<\/p><\/div>\t\t\t\t<\/div>\n\t\t\t\n\t\t\t\t<div class=\"item \" id=\"cptbc-item-642\" >\n\t\t\t\t\t<img decoding=\"async\" src=\"http:\/\/www.abatonsworld.com\/pt\/wp-content\/uploads\/sites\/3\/2015\/03\/Skandivikis_Illustration.jpg\" class=\"attachment-full size-full wp-post-image\" alt=\"\" srcset=\"http:\/\/www.abatonsworld.com\/pt\/wp-content\/uploads\/sites\/3\/2015\/03\/Skandivikis_Illustration.jpg 792w, http:\/\/www.abatonsworld.com\/pt\/wp-content\/uploads\/sites\/3\/2015\/03\/Skandivikis_Illustration-300x204.jpg 300w, http:\/\/www.abatonsworld.com\/pt\/wp-content\/uploads\/sites\/3\/2015\/03\/Skandivikis_Illustration-215x146.jpg 215w, http:\/\/www.abatonsworld.com\/pt\/wp-content\/uploads\/sites\/3\/2015\/03\/Skandivikis_Illustration-103x70.jpg 103w\" sizes=\"(max-width: 792px) 100vw, 792px\" \/><div class=\"carousel-caption\"><p>Em pequenos c\u00edrculos pr\u00f3ximos \u00e0 hist\u00f3ria dos Abatons, fala-se que os respons\u00e1veis pelos Vikings ter\u00e3o explorado mais al\u00e9m das \u00e1guas nortenhas, foram os SKANDIVIKIS. Snorri, o fil\u00f3sofo dos Skandivikis, disse que os antigos Vikings foram os que melhor souberam entender os Abatons. Talvez por isso tivessem sido uma das tribos que mais visitaram. Sendo, por isso, f\u00e1cil encontrar as silhuetas dos seus Totens no meio das esculturas esculpidas ou gravadas em madeira ou pedra, raz\u00e3o pela qual os Vikings ficaram famosos. E por qu\u00ea? Porque os antigos vikings e os SKANDIVIKIS partilhavam uma paix\u00e3o comum: os desafios: se algu\u00e9m lan\u00e7ava um reto\u2026 l\u00e1 estavam todos, vikings e Abatons, para o ganharem!<\/p><\/div>\t\t\t\t<\/div>\n\t\t\t\t\t\t<\/div>\n\n\t\t\t\t\t\t\t\t<a class=\"left carousel-control\" href=\"#cptbc_443\" data-slide=\"prev\">\u2039<\/a>\n\t\t\t\t\t<a class=\"right carousel-control\" href=\"#cptbc_443\" data-slide=\"next\">\u203a<\/a>\n\t\t\t\t\n\t\t<\/div>\n\n        \t\t<script type=\"text\/javascript\">\n\t\t\tjQuery(document).ready(function() {\n\t\t\t\tjQuery('#cptbc_443').carousel({\n\t\t\t\t\tinterval: 5000\t\t\t\t});\n\t\t\t});\n\t\t<\/script>\n        <\/div>\n","protected":false},"excerpt":{"rendered":"","protected":false},"author":1,"featured_media":0,"parent":0,"menu_order":0,"comment_status":"closed","ping_status":"closed","template":"page-rightsidebar-slider.php","meta":{"footnotes":""},"class_list":["post-8","page","type-page","status-publish","hentry"],"_links":{"self":[{"href":"http:\/\/www.abatonsworld.com\/pt\/wp-json\/wp\/v2\/pages\/8","targetHints":{"allow":["GET"]}}],"collection":[{"href":"http:\/\/www.abatonsworld.com\/pt\/wp-json\/wp\/v2\/pages"}],"about":[{"href":"http:\/\/www.abatonsworld.com\/pt\/wp-json\/wp\/v2\/types\/page"}],"author":[{"embeddable":true,"href":"http:\/\/www.abatonsworld.com\/pt\/wp-json\/wp\/v2\/users\/1"}],"replies":[{"embeddable":true,"href":"http:\/\/www.abatonsworld.com\/pt\/wp-json\/wp\/v2\/comments?post=8"}],"version-history":[{"count":6,"href":"http:\/\/www.abatonsworld.com\/pt\/wp-json\/wp\/v2\/pages\/8\/revisions"}],"predecessor-version":[{"id":616,"href":"http:\/\/www.abatonsworld.com\/pt\/wp-json\/wp\/v2\/pages\/8\/revisions\/616"}],"wp:attachment":[{"href":"http:\/\/www.abatonsworld.com\/pt\/wp-json\/wp\/v2\/media?parent=8"}],"curies":[{"name":"wp","href":"https:\/\/api.w.org\/{rel}","templated":true}]}}