{"id":11,"date":"2014-02-26T08:54:24","date_gmt":"2014-02-26T08:54:24","guid":{"rendered":"http:\/\/www.abatonsworld.com\/animalses\/?page_id=11"},"modified":"2015-10-22T13:28:01","modified_gmt":"2015-10-22T13:28:01","slug":"ma-collection","status":"publish","type":"page","link":"http:\/\/www.abatonsworld.com\/starwars-be-fr\/ma-collection\/","title":{"rendered":"Ma collection"},"content":{"rendered":"<p class=\"p1\"><strong>Une fois que tu auras cr\u00e9\u00e9 ton compte, tu auras ta collection digitale, comme \u00e7a tu ne pourras perdre aucun de tes Abatons.\u00a0<\/strong><\/p>\n<p class=\"p1\">Tu peux marquer tes \u00ab\u00a0Je l&rsquo;ai\u00a0\u00bb et tes \u00ab\u00a0Je ne l&rsquo;ai pas\u00a0\u00bb d&rsquo;un seul clic ! Souviens-toi que tu peux imprimer ta checklist pour l&#8217;emporter avec toi \u00e0 l&rsquo;\u00e9cole o\u00f9 ailleurs!<\/p>\n","protected":false},"excerpt":{"rendered":"<p>Une fois que tu auras cr\u00e9\u00e9 ton compte, tu auras ta collection digitale, comme \u00e7a tu ne pourras perdre aucun de tes Abatons.\u00a0 Tu peux marquer tes \u00ab\u00a0Je l&rsquo;ai\u00a0\u00bb et tes \u00ab\u00a0Je ne l&rsquo;ai pas\u00a0\u00bb d&rsquo;un seul clic ! Souviens-toi que tu peux imprimer ta checklist pour l&#8217;emporter avec toi \u00e0 l&rsquo;\u00e9cole o\u00f9 ailleurs!<\/p>\n","protected":false},"author":1,"featured_media":4261,"parent":0,"menu_order":0,"comment_status":"closed","ping_status":"closed","template":"page-micoleccion-starwars.php","meta":{"footnotes":""},"class_list":["post-11","page","type-page","status-publish","has-post-thumbnail","hentry"],"_links":{"self":[{"href":"http:\/\/www.abatonsworld.com\/starwars-be-fr\/wp-json\/wp\/v2\/pages\/11","targetHints":{"allow":["GET"]}}],"collection":[{"href":"http:\/\/www.abatonsworld.com\/starwars-be-fr\/wp-json\/wp\/v2\/pages"}],"about":[{"href":"http:\/\/www.abatonsworld.com\/starwars-be-fr\/wp-json\/wp\/v2\/types\/page"}],"author":[{"embeddable":true,"href":"http:\/\/www.abatonsworld.com\/starwars-be-fr\/wp-json\/wp\/v2\/users\/1"}],"replies":[{"embeddable":true,"href":"http:\/\/www.abatonsworld.com\/starwars-be-fr\/wp-json\/wp\/v2\/comments?post=11"}],"version-history":[{"count":35,"href":"http:\/\/www.abatonsworld.com\/starwars-be-fr\/wp-json\/wp\/v2\/pages\/11\/revisions"}],"predecessor-version":[{"id":4313,"href":"http:\/\/www.abatonsworld.com\/starwars-be-fr\/wp-json\/wp\/v2\/pages\/11\/revisions\/4313"}],"wp:featuredmedia":[{"embeddable":true,"href":"http:\/\/www.abatonsworld.com\/starwars-be-fr\/wp-json\/wp\/v2\/media\/4261"}],"wp:attachment":[{"href":"http:\/\/www.abatonsworld.com\/starwars-be-fr\/wp-json\/wp\/v2\/media?parent=11"}],"curies":[{"name":"wp","href":"https:\/\/api.w.org\/{rel}","templated":true}]}}