{"id":8,"date":"2014-02-26T08:51:29","date_gmt":"2014-02-26T08:51:29","guid":{"rendered":"http:\/\/www.abatonsworld.com\/animalses\/?page_id=8"},"modified":"2015-10-22T13:28:33","modified_gmt":"2015-10-22T13:28:33","slug":"que-sont-les-abatons","status":"publish","type":"page","link":"http:\/\/www.abatonsworld.com\/starwars-be-fr\/que-sont-les-abatons\/","title":{"rendered":"Que sont les Abatons?"},"content":{"rendered":"<div>\t\t<div id=\"cptbc_234\" class=\"carousel slide\"  data-interval=\"5000\">\n\n\t\t\t\n\t\t\t<div class=\"carousel-inner\">\n\t\t\t\n\t\t\t\t<div class=\"item active\" id=\"cptbc-item-298\" >\n\t\t\t\t\t<img decoding=\"async\" src=\"http:\/\/www.abatonsworld.com\/starwars-be-fr\/wp-content\/uploads\/sites\/23\/2016\/01\/EpisodeI.jpg\" class=\"attachment-full size-full wp-post-image\" alt=\"\" srcset=\"http:\/\/www.abatonsworld.com\/starwars-be-fr\/wp-content\/uploads\/sites\/23\/2016\/01\/EpisodeI.jpg 792w, http:\/\/www.abatonsworld.com\/starwars-be-fr\/wp-content\/uploads\/sites\/23\/2016\/01\/EpisodeI-300x204.jpg 300w, http:\/\/www.abatonsworld.com\/starwars-be-fr\/wp-content\/uploads\/sites\/23\/2016\/01\/EpisodeI-215x146.jpg 215w, http:\/\/www.abatonsworld.com\/starwars-be-fr\/wp-content\/uploads\/sites\/23\/2016\/01\/EpisodeI-103x70.jpg 103w\" sizes=\"(max-width: 792px) 100vw, 792px\" \/><div class=\"carousel-caption\"><p>Le jeune esclave Anakin Skywalker grandit sur Tatooine jusqu'au jour o\u00f9 le Jedi Gon Jinn d\u00e9couvre que la force est en lui, et o\u00f9 son destin bascule pour toujours.  <\/p><\/div>\t\t\t\t<\/div>\n\t\t\t\n\t\t\t\t<div class=\"item \" id=\"cptbc-item-4268\" >\n\t\t\t\t\t<img decoding=\"async\" src=\"http:\/\/www.abatonsworld.com\/starwars-be-fr\/wp-content\/uploads\/sites\/23\/2015\/10\/II-Jango.jpg\" class=\"attachment-full size-full wp-post-image\" alt=\"\" srcset=\"http:\/\/www.abatonsworld.com\/starwars-be-fr\/wp-content\/uploads\/sites\/23\/2015\/10\/II-Jango.jpg 792w, http:\/\/www.abatonsworld.com\/starwars-be-fr\/wp-content\/uploads\/sites\/23\/2015\/10\/II-Jango-300x204.jpg 300w, http:\/\/www.abatonsworld.com\/starwars-be-fr\/wp-content\/uploads\/sites\/23\/2015\/10\/II-Jango-215x146.jpg 215w, http:\/\/www.abatonsworld.com\/starwars-be-fr\/wp-content\/uploads\/sites\/23\/2015\/10\/II-Jango-103x70.jpg 103w\" sizes=\"(max-width: 792px) 100vw, 792px\" \/><div class=\"carousel-caption\"><p>La Guerre des Clones a commenc\u00e9, et la R\u00e9publique en d\u00e9clin se bat contre les S\u00e9paratistes, sans savoir que la v\u00e9ritable bataille se joue en son sein\u2026  <\/p><\/div>\t\t\t\t<\/div>\n\t\t\t\n\t\t\t\t<div class=\"item \" id=\"cptbc-item-317\" >\n\t\t\t\t\t<img decoding=\"async\" src=\"http:\/\/www.abatonsworld.com\/starwars-be-fr\/wp-content\/uploads\/sites\/23\/2016\/01\/EpisodeIII.jpg\" class=\"attachment-full size-full wp-post-image\" alt=\"\" srcset=\"http:\/\/www.abatonsworld.com\/starwars-be-fr\/wp-content\/uploads\/sites\/23\/2016\/01\/EpisodeIII.jpg 792w, http:\/\/www.abatonsworld.com\/starwars-be-fr\/wp-content\/uploads\/sites\/23\/2016\/01\/EpisodeIII-300x204.jpg 300w, http:\/\/www.abatonsworld.com\/starwars-be-fr\/wp-content\/uploads\/sites\/23\/2016\/01\/EpisodeIII-215x146.jpg 215w, http:\/\/www.abatonsworld.com\/starwars-be-fr\/wp-content\/uploads\/sites\/23\/2016\/01\/EpisodeIII-103x70.jpg 103w\" sizes=\"(max-width: 792px) 100vw, 792px\" \/><div class=\"carousel-caption\"><p>Les Siths ont jur\u00e9 de d\u00e9truire l'Ordre des Jedi et ont une arme secr\u00e8te : \r\nle chevalier Jedi Anakin Skywalker, qui a \u00e9t\u00e9 s\u00e9duit par le c\u00f4t\u00e9 obscur. <\/p><\/div>\t\t\t\t<\/div>\n\t\t\t\n\t\t\t\t<div class=\"item \" id=\"cptbc-item-625\" >\n\t\t\t\t\t<img decoding=\"async\" src=\"http:\/\/www.abatonsworld.com\/starwars-be-fr\/wp-content\/uploads\/sites\/23\/2015\/10\/IV-Tattooine.jpg\" class=\"attachment-full size-full wp-post-image\" alt=\"\" srcset=\"http:\/\/www.abatonsworld.com\/starwars-be-fr\/wp-content\/uploads\/sites\/23\/2015\/10\/IV-Tattooine.jpg 792w, http:\/\/www.abatonsworld.com\/starwars-be-fr\/wp-content\/uploads\/sites\/23\/2015\/10\/IV-Tattooine-300x204.jpg 300w, http:\/\/www.abatonsworld.com\/starwars-be-fr\/wp-content\/uploads\/sites\/23\/2015\/10\/IV-Tattooine-215x146.jpg 215w, http:\/\/www.abatonsworld.com\/starwars-be-fr\/wp-content\/uploads\/sites\/23\/2015\/10\/IV-Tattooine-103x70.jpg 103w\" sizes=\"(max-width: 792px) 100vw, 792px\" \/><div class=\"carousel-caption\"><p>Le jeune Luke Skywalker a toujours voulu vivre de grandes aventures, mais lorsqu'il y parvient enfin, il d\u00e9couvre ce qu'est la vie en dehors de Tatooine. <\/p><\/div>\t\t\t\t<\/div>\n\t\t\t\n\t\t\t\t<div class=\"item \" id=\"cptbc-item-294\" >\n\t\t\t\t\t<img decoding=\"async\" src=\"http:\/\/www.abatonsworld.com\/starwars-be-fr\/wp-content\/uploads\/sites\/23\/2016\/01\/EpisodeV.jpg\" class=\"attachment-full size-full wp-post-image\" alt=\"\" srcset=\"http:\/\/www.abatonsworld.com\/starwars-be-fr\/wp-content\/uploads\/sites\/23\/2016\/01\/EpisodeV.jpg 792w, http:\/\/www.abatonsworld.com\/starwars-be-fr\/wp-content\/uploads\/sites\/23\/2016\/01\/EpisodeV-300x204.jpg 300w, http:\/\/www.abatonsworld.com\/starwars-be-fr\/wp-content\/uploads\/sites\/23\/2016\/01\/EpisodeV-215x146.jpg 215w, http:\/\/www.abatonsworld.com\/starwars-be-fr\/wp-content\/uploads\/sites\/23\/2016\/01\/EpisodeV-103x70.jpg 103w\" sizes=\"(max-width: 792px) 100vw, 792px\" \/><div class=\"carousel-caption\"><p>Darth Vader emp\u00eache l'Alliance d'affronter l'Empereur. Il utilise sa ruse et la Force pour emp\u00eacher le soul\u00e8vement des Jedi. <\/p><\/div>\t\t\t\t<\/div>\n\t\t\t\n\t\t\t\t<div class=\"item \" id=\"cptbc-item-627\" >\n\t\t\t\t\t<img decoding=\"async\" src=\"http:\/\/www.abatonsworld.com\/starwars-be-fr\/wp-content\/uploads\/sites\/23\/2014\/09\/Coming.jpg\" class=\"attachment-full size-full wp-post-image\" alt=\"\" srcset=\"http:\/\/www.abatonsworld.com\/starwars-be-fr\/wp-content\/uploads\/sites\/23\/2014\/09\/Coming.jpg 792w, http:\/\/www.abatonsworld.com\/starwars-be-fr\/wp-content\/uploads\/sites\/23\/2014\/09\/Coming-300x204.jpg 300w, http:\/\/www.abatonsworld.com\/starwars-be-fr\/wp-content\/uploads\/sites\/23\/2014\/09\/Coming-215x146.jpg 215w, http:\/\/www.abatonsworld.com\/starwars-be-fr\/wp-content\/uploads\/sites\/23\/2014\/09\/Coming-103x70.jpg 103w\" sizes=\"(max-width: 792px) 100vw, 792px\" \/><div class=\"carousel-caption\"><p>En tant que dernier Jedi, Luke fait face \u00e0 son plus grand d\u00e9fi : stopper le cruel Empereur et restaurer la paix dans la galaxie. <\/p><\/div>\t\t\t\t<\/div>\n\t\t\t\n\t\t\t\t<div class=\"item \" id=\"cptbc-item-4188\" >\n\t\t\t\t\t<img decoding=\"async\" src=\"http:\/\/www.abatonsworld.com\/starwars-be-fr\/wp-content\/uploads\/sites\/23\/2015\/10\/VII-TheForceAwakens01.jpg\" class=\"attachment-full size-full wp-post-image\" alt=\"\" srcset=\"http:\/\/www.abatonsworld.com\/starwars-be-fr\/wp-content\/uploads\/sites\/23\/2015\/10\/VII-TheForceAwakens01.jpg 792w, http:\/\/www.abatonsworld.com\/starwars-be-fr\/wp-content\/uploads\/sites\/23\/2015\/10\/VII-TheForceAwakens01-300x204.jpg 300w, http:\/\/www.abatonsworld.com\/starwars-be-fr\/wp-content\/uploads\/sites\/23\/2015\/10\/VII-TheForceAwakens01-215x146.jpg 215w, http:\/\/www.abatonsworld.com\/starwars-be-fr\/wp-content\/uploads\/sites\/23\/2015\/10\/VII-TheForceAwakens01-103x70.jpg 103w\" sizes=\"(max-width: 792px) 100vw, 792px\" \/><div class=\"carousel-caption\"><p>30 ans se sont \u00e9coul\u00e9s depuis la Bataille d'Endor et la chute de l'Empire. Le Premier Ordre, une organisation fond\u00e9e sur l'Empire, se bat contre la R\u00e9sistance, qui est d\u00e9sormais le nom de ce qui reste de l'Alliance. Une sombre pr\u00e9sence menace de plonger la galaxie \u00e0 nouveau dans l'obscurit\u00e9,  mais tout change lorsqu'un soldat perdu sur une plan\u00e8te \u00e9loign\u00e9e rencontre des \u00e9trangers et d\u00e9bute sa grande qu\u00eate pour trouver le meilleur guerrier de la galaxie.  <\/p><\/div>\t\t\t\t<\/div>\n\t\t\t\t\t\t<\/div>\n\n\t\t\t\t\t\t\t\t<a class=\"left carousel-control\" href=\"#cptbc_234\" data-slide=\"prev\">\u2039<\/a>\n\t\t\t\t\t<a class=\"right carousel-control\" href=\"#cptbc_234\" data-slide=\"next\">\u203a<\/a>\n\t\t\t\t\n\t\t<\/div>\n\n        \t\t<script type=\"text\/javascript\">\n\t\t\tjQuery(document).ready(function() {\n\t\t\t\tjQuery('#cptbc_234').carousel({\n\t\t\t\t\tinterval: 5000\t\t\t\t});\n\t\t\t});\n\t\t<\/script>\n        <\/div>\n","protected":false},"excerpt":{"rendered":"","protected":false},"author":1,"featured_media":0,"parent":0,"menu_order":0,"comment_status":"closed","ping_status":"closed","template":"page-rightsidebar-slider.php","meta":{"footnotes":""},"class_list":["post-8","page","type-page","status-publish","hentry"],"_links":{"self":[{"href":"http:\/\/www.abatonsworld.com\/starwars-be-fr\/wp-json\/wp\/v2\/pages\/8","targetHints":{"allow":["GET"]}}],"collection":[{"href":"http:\/\/www.abatonsworld.com\/starwars-be-fr\/wp-json\/wp\/v2\/pages"}],"about":[{"href":"http:\/\/www.abatonsworld.com\/starwars-be-fr\/wp-json\/wp\/v2\/types\/page"}],"author":[{"embeddable":true,"href":"http:\/\/www.abatonsworld.com\/starwars-be-fr\/wp-json\/wp\/v2\/users\/1"}],"replies":[{"embeddable":true,"href":"http:\/\/www.abatonsworld.com\/starwars-be-fr\/wp-json\/wp\/v2\/comments?post=8"}],"version-history":[{"count":6,"href":"http:\/\/www.abatonsworld.com\/starwars-be-fr\/wp-json\/wp\/v2\/pages\/8\/revisions"}],"predecessor-version":[{"id":4314,"href":"http:\/\/www.abatonsworld.com\/starwars-be-fr\/wp-json\/wp\/v2\/pages\/8\/revisions\/4314"}],"wp:attachment":[{"href":"http:\/\/www.abatonsworld.com\/starwars-be-fr\/wp-json\/wp\/v2\/media?parent=8"}],"curies":[{"name":"wp","href":"https:\/\/api.w.org\/{rel}","templated":true}]}}