{"id":8,"date":"2014-02-26T08:51:29","date_gmt":"2014-02-26T08:51:29","guid":{"rendered":"http:\/\/www.abatonsworld.com\/animalses\/?page_id=8"},"modified":"2015-12-14T14:26:34","modified_gmt":"2015-12-14T14:26:34","slug":"quem-sao-os-abatons","status":"publish","type":"page","link":"http:\/\/www.abatonsworld.com\/starwars-br\/quem-sao-os-abatons\/","title":{"rendered":"Quem s\u00e3o os Abatons?"},"content":{"rendered":"<div>\t\t<div id=\"cptbc_931\" class=\"carousel slide\"  data-interval=\"5000\">\n\n\t\t\t\n\t\t\t<div class=\"carousel-inner\">\n\t\t\t\n\t\t\t\t<div class=\"item active\" id=\"cptbc-item-298\" >\n\t\t\t\t\t<img decoding=\"async\" src=\"http:\/\/www.abatonsworld.com\/starwars-br\/wp-content\/uploads\/sites\/30\/2016\/01\/EpisodeI.jpg\" class=\"attachment-full size-full wp-post-image\" alt=\"\" srcset=\"http:\/\/www.abatonsworld.com\/starwars-br\/wp-content\/uploads\/sites\/30\/2016\/01\/EpisodeI.jpg 792w, http:\/\/www.abatonsworld.com\/starwars-br\/wp-content\/uploads\/sites\/30\/2016\/01\/EpisodeI-300x204.jpg 300w, http:\/\/www.abatonsworld.com\/starwars-br\/wp-content\/uploads\/sites\/30\/2016\/01\/EpisodeI-215x146.jpg 215w, http:\/\/www.abatonsworld.com\/starwars-br\/wp-content\/uploads\/sites\/30\/2016\/01\/EpisodeI-103x70.jpg 103w\" sizes=\"(max-width: 792px) 100vw, 792px\" \/><div class=\"carousel-caption\"><p>O jovem Anakin Skywalker cresce como um escravo em Tatooine at\u00e9 que o Jedi Qui-Gon Jinn descobre que a For\u00e7a \u00e9 poderosa nele, mudando seu destino para sempre.<\/p><\/div>\t\t\t\t<\/div>\n\t\t\t\n\t\t\t\t<div class=\"item \" id=\"cptbc-item-4268\" >\n\t\t\t\t\t<img decoding=\"async\" src=\"http:\/\/www.abatonsworld.com\/starwars-br\/wp-content\/uploads\/sites\/30\/2015\/10\/Jango.jpg\" class=\"attachment-full size-full wp-post-image\" alt=\"\" srcset=\"http:\/\/www.abatonsworld.com\/starwars-br\/wp-content\/uploads\/sites\/30\/2015\/10\/Jango.jpg 792w, http:\/\/www.abatonsworld.com\/starwars-br\/wp-content\/uploads\/sites\/30\/2015\/10\/Jango-300x204.jpg 300w, http:\/\/www.abatonsworld.com\/starwars-br\/wp-content\/uploads\/sites\/30\/2015\/10\/Jango-215x146.jpg 215w, http:\/\/www.abatonsworld.com\/starwars-br\/wp-content\/uploads\/sites\/30\/2015\/10\/Jango-103x70.jpg 103w\" sizes=\"(max-width: 792px) 100vw, 792px\" \/><div class=\"carousel-caption\"><p>A Guerra dos Clones come\u00e7ou e a decadente Rep\u00fablica enfrenta os Separatistas sem saber que a real disputa est\u00e1 em seu interior...<\/p><\/div>\t\t\t\t<\/div>\n\t\t\t\n\t\t\t\t<div class=\"item \" id=\"cptbc-item-317\" >\n\t\t\t\t\t<img decoding=\"async\" src=\"http:\/\/www.abatonsworld.com\/starwars-br\/wp-content\/uploads\/sites\/30\/2016\/01\/EpisodeIII.jpg\" class=\"attachment-full size-full wp-post-image\" alt=\"\" srcset=\"http:\/\/www.abatonsworld.com\/starwars-br\/wp-content\/uploads\/sites\/30\/2016\/01\/EpisodeIII.jpg 792w, http:\/\/www.abatonsworld.com\/starwars-br\/wp-content\/uploads\/sites\/30\/2016\/01\/EpisodeIII-300x204.jpg 300w, http:\/\/www.abatonsworld.com\/starwars-br\/wp-content\/uploads\/sites\/30\/2016\/01\/EpisodeIII-215x146.jpg 215w, http:\/\/www.abatonsworld.com\/starwars-br\/wp-content\/uploads\/sites\/30\/2016\/01\/EpisodeIII-103x70.jpg 103w\" sizes=\"(max-width: 792px) 100vw, 792px\" \/><div class=\"carousel-caption\"><p>Os Sith juraram destruir a Ordem Jedi e possuem uma arma secreta: o Cavaleiro Jedi Anakin Skywalker, que j\u00e1 foi seduzido pelo lado negro.<\/p><\/div>\t\t\t\t<\/div>\n\t\t\t\n\t\t\t\t<div class=\"item \" id=\"cptbc-item-625\" >\n\t\t\t\t\t<img decoding=\"async\" src=\"http:\/\/www.abatonsworld.com\/starwars-br\/wp-content\/uploads\/sites\/30\/2014\/09\/Tattooine.jpg\" class=\"attachment-full size-full wp-post-image\" alt=\"\" srcset=\"http:\/\/www.abatonsworld.com\/starwars-br\/wp-content\/uploads\/sites\/30\/2014\/09\/Tattooine.jpg 792w, http:\/\/www.abatonsworld.com\/starwars-br\/wp-content\/uploads\/sites\/30\/2014\/09\/Tattooine-300x204.jpg 300w, http:\/\/www.abatonsworld.com\/starwars-br\/wp-content\/uploads\/sites\/30\/2014\/09\/Tattooine-215x146.jpg 215w, http:\/\/www.abatonsworld.com\/starwars-br\/wp-content\/uploads\/sites\/30\/2014\/09\/Tattooine-103x70.jpg 103w\" sizes=\"(max-width: 792px) 100vw, 792px\" \/><div class=\"carousel-caption\"><p>O jovem Luke Skywalker sempre quis viver grandes aventuras, mas quando finalmente consegue, descobre a realidade al\u00e9m de Tatooine.<\/p><\/div>\t\t\t\t<\/div>\n\t\t\t\n\t\t\t\t<div class=\"item \" id=\"cptbc-item-294\" >\n\t\t\t\t\t<img decoding=\"async\" src=\"http:\/\/www.abatonsworld.com\/starwars-br\/wp-content\/uploads\/sites\/30\/2016\/01\/EpisodeV.jpg\" class=\"attachment-full size-full wp-post-image\" alt=\"\" srcset=\"http:\/\/www.abatonsworld.com\/starwars-br\/wp-content\/uploads\/sites\/30\/2016\/01\/EpisodeV.jpg 792w, http:\/\/www.abatonsworld.com\/starwars-br\/wp-content\/uploads\/sites\/30\/2016\/01\/EpisodeV-300x204.jpg 300w, http:\/\/www.abatonsworld.com\/starwars-br\/wp-content\/uploads\/sites\/30\/2016\/01\/EpisodeV-215x146.jpg 215w, http:\/\/www.abatonsworld.com\/starwars-br\/wp-content\/uploads\/sites\/30\/2016\/01\/EpisodeV-103x70.jpg 103w\" sizes=\"(max-width: 792px) 100vw, 792px\" \/><div class=\"carousel-caption\"><p>Darth Vader n\u00e3o deixar\u00e1 que a Alian\u00e7a enfrente o Imperador. Ele usar\u00e1 sua ast\u00facia e a For\u00e7a para evitar o ressurgimento dos Jedi.<\/p><\/div>\t\t\t\t<\/div>\n\t\t\t\n\t\t\t\t<div class=\"item \" id=\"cptbc-item-627\" >\n\t\t\t\t\t<img decoding=\"async\" src=\"http:\/\/www.abatonsworld.com\/starwars-br\/wp-content\/uploads\/sites\/30\/2015\/09\/6.jpg\" class=\"attachment-full size-full wp-post-image\" alt=\"\" srcset=\"http:\/\/www.abatonsworld.com\/starwars-br\/wp-content\/uploads\/sites\/30\/2015\/09\/6.jpg 792w, http:\/\/www.abatonsworld.com\/starwars-br\/wp-content\/uploads\/sites\/30\/2015\/09\/6-300x204.jpg 300w, http:\/\/www.abatonsworld.com\/starwars-br\/wp-content\/uploads\/sites\/30\/2015\/09\/6-215x146.jpg 215w, http:\/\/www.abatonsworld.com\/starwars-br\/wp-content\/uploads\/sites\/30\/2015\/09\/6-103x70.jpg 103w\" sizes=\"(max-width: 792px) 100vw, 792px\" \/><div class=\"carousel-caption\"><p>\u00danico herdeiro da tradi\u00e7\u00e3o Jedi, Luke encara seu grande desafio: deter o cruel Imperador e restaurar a paz na gal\u00e1xia.<\/p><\/div>\t\t\t\t<\/div>\n\t\t\t\n\t\t\t\t<div class=\"item \" id=\"cptbc-item-4188\" >\n\t\t\t\t\t<img decoding=\"async\" src=\"http:\/\/www.abatonsworld.com\/starwars-br\/wp-content\/uploads\/sites\/30\/2015\/08\/TheForceAwakens01.jpg\" class=\"attachment-full size-full wp-post-image\" alt=\"\" srcset=\"http:\/\/www.abatonsworld.com\/starwars-br\/wp-content\/uploads\/sites\/30\/2015\/08\/TheForceAwakens01.jpg 792w, http:\/\/www.abatonsworld.com\/starwars-br\/wp-content\/uploads\/sites\/30\/2015\/08\/TheForceAwakens01-300x204.jpg 300w, http:\/\/www.abatonsworld.com\/starwars-br\/wp-content\/uploads\/sites\/30\/2015\/08\/TheForceAwakens01-215x146.jpg 215w, http:\/\/www.abatonsworld.com\/starwars-br\/wp-content\/uploads\/sites\/30\/2015\/08\/TheForceAwakens01-103x70.jpg 103w\" sizes=\"(max-width: 792px) 100vw, 792px\" \/><div class=\"carousel-caption\"><p>Trinta anos se passaram desde a Batalha de Endor e a queda do Imp\u00e9rio. A Primeira Ordem, uma organiza\u00e7\u00e3o fundada pelo Imp\u00e9rio, est\u00e1 lutando contra a Resist\u00eancia, como os remanescentes da Alian\u00e7a s\u00e3o conhecidos hoje. As frentes de batalha s\u00e3o definidas e uma presen\u00e7a sinistra amea\u00e7a mergulhar a gal\u00e1xia na escurid\u00e3o novamente, mas tudo muda quando um soldado perdido em um planeta remoto encontra-se com alguns estranhos e come\u00e7a uma jornada \u00e9pica para encontrar o maior guerreiro da gal\u00e1xia.<\/p><\/div>\t\t\t\t<\/div>\n\t\t\t\t\t\t<\/div>\n\n\t\t\t\t\t\t\t\t<a class=\"left carousel-control\" href=\"#cptbc_931\" data-slide=\"prev\">\u2039<\/a>\n\t\t\t\t\t<a class=\"right carousel-control\" href=\"#cptbc_931\" data-slide=\"next\">\u203a<\/a>\n\t\t\t\t\n\t\t<\/div>\n\n        \t\t<script type=\"text\/javascript\">\n\t\t\tjQuery(document).ready(function() {\n\t\t\t\tjQuery('#cptbc_931').carousel({\n\t\t\t\t\tinterval: 5000\t\t\t\t});\n\t\t\t});\n\t\t<\/script>\n        <\/div>\n","protected":false},"excerpt":{"rendered":"","protected":false},"author":1,"featured_media":0,"parent":0,"menu_order":0,"comment_status":"closed","ping_status":"closed","template":"page-rightsidebar-slider.php","meta":{"footnotes":""},"class_list":["post-8","page","type-page","status-publish","hentry"],"_links":{"self":[{"href":"http:\/\/www.abatonsworld.com\/starwars-br\/wp-json\/wp\/v2\/pages\/8","targetHints":{"allow":["GET"]}}],"collection":[{"href":"http:\/\/www.abatonsworld.com\/starwars-br\/wp-json\/wp\/v2\/pages"}],"about":[{"href":"http:\/\/www.abatonsworld.com\/starwars-br\/wp-json\/wp\/v2\/types\/page"}],"author":[{"embeddable":true,"href":"http:\/\/www.abatonsworld.com\/starwars-br\/wp-json\/wp\/v2\/users\/1"}],"replies":[{"embeddable":true,"href":"http:\/\/www.abatonsworld.com\/starwars-br\/wp-json\/wp\/v2\/comments?post=8"}],"version-history":[{"count":5,"href":"http:\/\/www.abatonsworld.com\/starwars-br\/wp-json\/wp\/v2\/pages\/8\/revisions"}],"predecessor-version":[{"id":4309,"href":"http:\/\/www.abatonsworld.com\/starwars-br\/wp-json\/wp\/v2\/pages\/8\/revisions\/4309"}],"wp:attachment":[{"href":"http:\/\/www.abatonsworld.com\/starwars-br\/wp-json\/wp\/v2\/media?parent=8"}],"curies":[{"name":"wp","href":"https:\/\/api.w.org\/{rel}","templated":true}]}}