{"id":11,"date":"2014-02-26T08:54:24","date_gmt":"2014-02-26T08:54:24","guid":{"rendered":"http:\/\/www.abatonsworld.com\/animalses\/?page_id=11"},"modified":"2015-10-06T15:30:29","modified_gmt":"2015-10-06T15:30:29","slug":"mi-coleccion","status":"publish","type":"page","link":"http:\/\/www.abatonsworld.com\/starwars-cl\/mi-coleccion\/","title":{"rendered":"Mi colecci\u00f3n"},"content":{"rendered":"<p><strong>Una vez registrado, tendr\u00e1s tu colecci\u00f3n digital para que no se te escape ni un Abaton.<\/strong><\/p>\n<p><strong>\u00a1Podr\u00e1s marcar tus &#8220;tenguis&#8221; y tus &#8220;faltis&#8221; con un solo clic!<\/strong><\/p>\n<p><strong>\u00a1Recuerda que tu lista la puedes imprimir para llevarla al cole o donde quieras!<\/strong><\/p>\n","protected":false},"excerpt":{"rendered":"<p>Una vez registrado, tendr\u00e1s tu colecci\u00f3n digital para que no se te escape ni un Abaton. \u00a1Podr\u00e1s marcar tus &#8220;tenguis&#8221; y tus &#8220;faltis&#8221; con un solo clic! \u00a1Recuerda que tu lista la puedes imprimir para llevarla al cole o donde quieras!<\/p>\n","protected":false},"author":1,"featured_media":4261,"parent":0,"menu_order":0,"comment_status":"closed","ping_status":"closed","template":"page-micoleccion-starwars.php","meta":{"footnotes":""},"class_list":["post-11","page","type-page","status-publish","has-post-thumbnail","hentry"],"_links":{"self":[{"href":"http:\/\/www.abatonsworld.com\/starwars-cl\/wp-json\/wp\/v2\/pages\/11","targetHints":{"allow":["GET"]}}],"collection":[{"href":"http:\/\/www.abatonsworld.com\/starwars-cl\/wp-json\/wp\/v2\/pages"}],"about":[{"href":"http:\/\/www.abatonsworld.com\/starwars-cl\/wp-json\/wp\/v2\/types\/page"}],"author":[{"embeddable":true,"href":"http:\/\/www.abatonsworld.com\/starwars-cl\/wp-json\/wp\/v2\/users\/1"}],"replies":[{"embeddable":true,"href":"http:\/\/www.abatonsworld.com\/starwars-cl\/wp-json\/wp\/v2\/comments?post=11"}],"version-history":[{"count":33,"href":"http:\/\/www.abatonsworld.com\/starwars-cl\/wp-json\/wp\/v2\/pages\/11\/revisions"}],"predecessor-version":[{"id":4023,"href":"http:\/\/www.abatonsworld.com\/starwars-cl\/wp-json\/wp\/v2\/pages\/11\/revisions\/4023"}],"wp:featuredmedia":[{"embeddable":true,"href":"http:\/\/www.abatonsworld.com\/starwars-cl\/wp-json\/wp\/v2\/media\/4261"}],"wp:attachment":[{"href":"http:\/\/www.abatonsworld.com\/starwars-cl\/wp-json\/wp\/v2\/media?parent=11"}],"curies":[{"name":"wp","href":"https:\/\/api.w.org\/{rel}","templated":true}]}}