{"id":713,"date":"2014-09-30T11:45:52","date_gmt":"2014-09-30T11:45:52","guid":{"rendered":"http:\/\/www.abatonsworld.com\/animalses\/?page_id=713"},"modified":"2015-12-04T11:52:46","modified_gmt":"2015-12-04T11:52:46","slug":"privacidad","status":"publish","type":"page","link":"http:\/\/www.abatonsworld.com\/starwars-cl\/privacidad\/","title":{"rendered":"POL\u00cdTICA DE PRIVACIDAD Y PROTECCI\u00d3N DE DATOS"},"content":{"rendered":"<p><strong>1.- Presentaci\u00f3n y derecho de informaci\u00f3n<\/strong><\/p>\n<p>PPI WORLDWIDE GROUP, S.A. (en adelante, \u201cPPI WORLDWIDE\u201d), se toma muy en serio la protecci\u00f3n de su privacidad y de sus datos personales. Por ello, PPI WORLDWIDE cumple \u00edntegramente con la legislaci\u00f3n vigente en materia de protecci\u00f3n de datos de car\u00e1cter personal para que su informaci\u00f3n personal se conserve de forma segura.<\/p>\n<p>La presente pol\u00edtica de protecci\u00f3n de datos regula el acceso y el uso del servicio del Sitio Web que PPI WORLDWIDE, con NIF 1463613-1-640275 y con domicilio en Avenida Samuel Lewis, Calle 58, Obarrio Torre ADR, Sexto Piso, Oficina 6 C. Panam\u00e1 C\u00f3digo Postal: 0832-0397 REPUBLICA DE PANAMA, pone a disposici\u00f3n de los Usuarios interesados en los servicios ofrecidos por PPI WORLDWIDE.<\/p>\n<p>&nbsp;<\/p>\n<p><strong>2.- Recomendaciones<\/strong><\/p>\n<p>Por favor, lea detenidamente y siga las siguientes recomendaciones:<\/p>\n<ul>\n<li>Utilice contrase\u00f1as con una extensi\u00f3n m\u00ednima de 8 caracteres, alfanum\u00e9ricos y con uso de may\u00fasculas y min\u00fasculas.<\/li>\n<li>Mantenga en su equipo un software antivirus instalado y debidamente actualizado, que garantice que su equipo se encuentra libre de software maligno, as\u00ed como de aplicaciones spyware que pongan en riesgo su navegaci\u00f3n en Internet, y en peligro la informaci\u00f3n alojada en el equipo.<\/li>\n<li>Revise y lea los textos legales que PPI WORLDWIDE pone a su disposici\u00f3n en el Sitio Web.<\/li>\n<\/ul>\n<p>&nbsp;<\/p>\n<p><strong>3.- Consentimiento efectivo por parte de padres, tutores o representantes legales para el tratamiento de los datos de los menores de 14 a\u00f1os.<\/strong><\/p>\n<p>El registro en el presente Sitio Web de menores de 14 a\u00f1os no est\u00e1 permitido salvo que se realice con el consentimiento de los padres, tutores o representantes legales. Por tanto, si el usuario es menor de 14 a\u00f1os, deber\u00e1 solicitar a sus padres, tutores o representantes legales que sean ellos quienes le registren en este Sitio Web.<\/p>\n<p>S\u00f3lo podr\u00e1 acceder a los servicios ofrecidos en el Sitio Web si sus padres, tutores o representantes legales otorgan su consentimiento efectivo para ello.<\/p>\n<p>PPI WORLDWIDE se reserva el derecho de articular los procedimientos que crea convenientes con el fin de verificar de modo efectivo la edad del menor y la autenticidad del consentimiento prestado por los padres, tutores o representantes legales.<\/p>\n<p>En caso de que se acreditase la no autenticidad del consentimiento y\/o la no veracidad de los datos facilitados por el usuario en el Sitio Web (tales como la edad del menor), PPI WORLDWIDE proceder\u00e1 a eliminar el registro del usuario en cuesti\u00f3n.<\/p>\n<p>&nbsp;<\/p>\n<p><strong>4.- Procesamiento de datos personales y finalidad del tratamiento.<\/strong><\/p>\n<p>PPI WORLD WIDE\u00a0 recaba datos personales de los Usuarios a trav\u00e9s de los formularios alojados en el Sitio Web con la finalidad de mejorar la comunicaci\u00f3n con Usuarios del Sitio Web interesados en los servicios ofrecidos por PPI WORLDWIDE.<\/p>\n<p>4.1 Tratamiento de los datos personales por parte de PPI WORLDWIDE.<\/p>\n<p>Le informamos que de acuerdo con la Ley Org\u00e1nica 15\/1999, de 13 de diciembre, de Protecci\u00f3n de Datos de Car\u00e1cter Personal (en adelante, \u201cLOPD\u201d), la Ley 34\/2002 de 11 de Julio, de Servicios de la Sociedad de la Informaci\u00f3n y de Comercio Electr\u00f3nico (en adelante, \u201cLSSI\u201d) y la Ley 9\/2014 de 9 de mayo, General de Telecomunicaciones (en adelante, \u201cLGT\u201d), los datos personales que incluya en los formularios alojados en el Sitio Web, ser\u00e1n incorporados a un fichero debidamente declarado ante la Agencia Espa\u00f1ola de Protecci\u00f3n de datos titularidad de PPI WORLDWIDE.<\/p>\n<p>4.2.- Finalidad de la recogida de los datos personales recabados por PPI WORLDWIDE<\/p>\n<p>Sus datos de car\u00e1cter personal podr\u00e1n ser utilizados para las siguientes finalidades:<\/p>\n<p>(i) Permitir acceder a los servicios ofrecidos a trav\u00e9s del Sitio Web,<\/p>\n<p>(ii) Identificarle en el caso del registro como Usuario,<\/p>\n<p>(iii) Informarle sobre las posibles promociones que PPI WORLDWIDE ofrece a trav\u00e9s del Sitio Web,<\/p>\n<p>(iv) Enviarle Newsletters.<\/p>\n<p>En concreto, sus datos personales ser\u00e1n utilizados para remitirle Newsletters y comunicaciones comerciales y promocionales relacionadas con los servicios de PPI WORLDWIDE por carta, tel\u00e9fono, correo electr\u00f3nico, SMS\/MMS, o por otros medios de comunicaci\u00f3n electr\u00f3nica equivalentes (tales como tweets, whatsapp etc.) y ello al amparo de lo establecido en la LOPD, en la LSSI\u00a0 y en la LGT.<\/p>\n<p>&nbsp;<\/p>\n<p><strong>5.- Car\u00e1cter obligatorio o facultativo de la informaci\u00f3n facilitada por el Usuario y veracidad de los datos.<\/strong><\/p>\n<p>El Usuario garantiza que los datos personales facilitados son veraces y se hace responsable de comunicar a PPI WORLDWIDE cualquier modificaci\u00f3n de los mismos. El Usuario responder\u00e1, en cualquier caso, de la veracidad de los datos facilitados, reserv\u00e1ndose PPI WORLDWIDE el derecho a excluir de los servicios registrados a todo Usuario que haya facilitado datos falsos, sin perjuicio de adoptar la dem\u00e1s acciones que procedan en Derecho.<\/p>\n<p>&nbsp;<\/p>\n<p><strong>6.- Conducta de los Usuarios en el Sitio Web: Pr\u00e1cticas no permitidas.<\/strong><\/p>\n<p>PPI WORLDWIDE anular\u00e1 el registro de usuarios que: (i) incluyan o promocionen material il\u00edcito, inmoral, obsceno o nocivo; (ii) promocionen cualquier tipo de discriminaci\u00f3n; (iii) Remitan &#8220;bulk (correo masivo), junk (correo basura), o spam e-mail (correo no deseado)&#8221; o &#8220;newsgroup communications&#8221; cuando no hayan sido solicitados; (iv) incumplan alg\u00fan derecho de propiedad intelectual o industrial de terceros. Asimismo, el usuario se obliga a abstenerse de utilizar y recabar datos a los que se pueda acceder a trav\u00e9s de las informaciones y servicios contenidos en el Sitio Web para la realizaci\u00f3n de actividades con fines promocionales o publicitarios as\u00ed como de remitir comunicaciones comerciales de cualquier clase y a trav\u00e9s de cualquier soporte no solicitados ni previamente consentidos por PPI WORLDWIDE\u00a0 \u00a0y\/o los usuarios del Sitio Web.<\/p>\n<p>&nbsp;<\/p>\n<p><strong>7.- Derecho ARCO: Derechos de Acceso, Rectificaci\u00f3n, Cancelaci\u00f3n y Oposici\u00f3n <\/strong><\/p>\n<p>El Usuario podr\u00e1 dirigir sus comunicaciones y ejercitar los derechos de acceso, rectificaci\u00f3n, cancelaci\u00f3n y oposici\u00f3n, mediante el env\u00edo de un correo electr\u00f3nico a la direcci\u00f3n de email: <a href=\"mailto:info@abatonsworld.com\">info@abatonsworld.com<\/a> o bien por correo ordinario dirigido al domicilio Avenida Samuel Lewis, Calle 58, Obarrio Torre ADR, Sexto Piso, Oficina 6 C. Panam\u00e1. C\u00f3digo Postal: 0832-0397, REPUBLICA DE PANAMA.<\/p>\n<p>Para ejercer dichos derechos es necesario que usted acredite su personalidad mediante el env\u00edo de una fotocopia de su Documento Nacional de Identidad o cualquier otro medio v\u00e1lido en Derecho.<\/p>\n<p>&nbsp;<\/p>\n<p><strong>8.- Medidas de seguridad<\/strong><\/p>\n<p>PPI WORLDWIDE\u00a0 \u00a0mantiene los niveles de seguridad de protecci\u00f3n de datos personales conforme a la LOPD y al Real Decreto 1720\/2007, de 21 de diciembre, por el que se aprueba el Reglamento de desarrollo de la LOPD que contengan datos de car\u00e1cter personal y ha establecido todos los medios t\u00e9cnicos a su alcance para evitar la p\u00e9rdida, mal uso, alteraci\u00f3n, acceso no autorizado y robo de los datos que el Usuario facilite a trav\u00e9s del Sitio Web, sin perjuicio de informarle de que las medidas de seguridad en Internet no son inexpugnables.<\/p>\n<p>PPI WORLDWIDE se compromete a cumplir con el deber de secreto y confidencialidad respecto de los datos personales contenidos en el fichero automatizado de acuerdo con la legislaci\u00f3n aplicable, as\u00ed como a conferirles un tratamiento seguro en las cesiones que se pudieran producir.<\/p>\n<p>&nbsp;<\/p>\n<p><strong>9.- Modificaciones de la Pol\u00edtica de Privacidad<\/strong><\/p>\n<p>PPI WORLDWIDE se reserva el derecho de revisar su Pol\u00edtica de Privacidad en el momento que lo considere oportuno, en cuyo caso se comunicar\u00e1 a los Usuarios. No obstante, le rogamos que compruebe de forma regular esta declaraci\u00f3n de privacidad para leer la versi\u00f3n m\u00e1s reciente de la pol\u00edtica de privacidad de PPI WORLDWIDE.<\/p>\n<p>&nbsp;<\/p>\n<p><strong>10.- Aceptaci\u00f3n y Consentimiento<\/strong><\/p>\n<p>El Usuario declara haber sido informado de las condiciones relativas a la protecci\u00f3n de sus datos personales y a la protecci\u00f3n de los datos de los menores que est\u00e1n a su cargo, aceptando y consintiendo el tratamiento de los mismos por parte de PPI WORLDWIDE, en la forma y para las finalidades indicadas en la presente Pol\u00edtica de Privacidad.<\/p>\n","protected":false},"excerpt":{"rendered":"<p>1.- Presentaci\u00f3n y derecho de informaci\u00f3n PPI WORLDWIDE GROUP, S.A. (en adelante, \u201cPPI WORLDWIDE\u201d), se toma muy en serio la protecci\u00f3n de su privacidad y de sus datos personales. Por ello, PPI WORLDWIDE cumple \u00edntegramente con la legislaci\u00f3n vigente en materia de protecci\u00f3n de datos de car\u00e1cter personal para que su informaci\u00f3n personal se conserve&#8230;  <a href=\"http:\/\/www.abatonsworld.com\/starwars-cl\/privacidad\/\" class=\"more-link\" title=\"Read POL\u00cdTICA DE PRIVACIDAD Y PROTECCI\u00d3N DE DATOS\">Read more &raquo;<\/a><\/p>\n","protected":false},"author":1,"featured_media":0,"parent":0,"menu_order":0,"comment_status":"closed","ping_status":"open","template":"","meta":{"footnotes":""},"class_list":["post-713","page","type-page","status-publish","hentry"],"_links":{"self":[{"href":"http:\/\/www.abatonsworld.com\/starwars-cl\/wp-json\/wp\/v2\/pages\/713","targetHints":{"allow":["GET"]}}],"collection":[{"href":"http:\/\/www.abatonsworld.com\/starwars-cl\/wp-json\/wp\/v2\/pages"}],"about":[{"href":"http:\/\/www.abatonsworld.com\/starwars-cl\/wp-json\/wp\/v2\/types\/page"}],"author":[{"embeddable":true,"href":"http:\/\/www.abatonsworld.com\/starwars-cl\/wp-json\/wp\/v2\/users\/1"}],"replies":[{"embeddable":true,"href":"http:\/\/www.abatonsworld.com\/starwars-cl\/wp-json\/wp\/v2\/comments?post=713"}],"version-history":[{"count":11,"href":"http:\/\/www.abatonsworld.com\/starwars-cl\/wp-json\/wp\/v2\/pages\/713\/revisions"}],"predecessor-version":[{"id":4298,"href":"http:\/\/www.abatonsworld.com\/starwars-cl\/wp-json\/wp\/v2\/pages\/713\/revisions\/4298"}],"wp:attachment":[{"href":"http:\/\/www.abatonsworld.com\/starwars-cl\/wp-json\/wp\/v2\/media?parent=713"}],"curies":[{"name":"wp","href":"https:\/\/api.w.org\/{rel}","templated":true}]}}