{"id":11,"date":"2014-02-26T08:54:24","date_gmt":"2014-02-26T08:54:24","guid":{"rendered":"http:\/\/www.abatonsworld.com\/animalses\/?page_id=11"},"modified":"2015-10-15T08:44:44","modified_gmt":"2015-10-15T08:44:44","slug":"moja-kolekcja","status":"publish","type":"page","link":"http:\/\/www.abatonsworld.com\/starwars-pl\/moja-kolekcja\/","title":{"rendered":"Moja kolekcja"},"content":{"rendered":"<p class=\"p1\"><strong>Kiedy si\u0119 zarejestrujesz, b\u0119dziesz mia\u0142 swoj\u0105 cyfrow\u0105 kolekcj\u0119 i nie zgubisz \u017cadnych Abaton\u00f3w.<\/strong><\/p>\n<p class=\"p1\">Jednym klikni\u0119ciem mo\u017cesz zaznaczy\u0107 posiadane modele\u00a0 i braki. Pami\u0119taj, \u017ce mo\u017cesz wydrukowa\u0107 list\u0119, by zabra\u0107 j\u0105 do szko\u0142y czy dok\u0105d chcesz!<\/p>\n","protected":false},"excerpt":{"rendered":"<p>Kiedy si\u0119 zarejestrujesz, b\u0119dziesz mia\u0142 swoj\u0105 cyfrow\u0105 kolekcj\u0119 i nie zgubisz \u017cadnych Abaton\u00f3w. Jednym klikni\u0119ciem mo\u017cesz zaznaczy\u0107 posiadane modele\u00a0 i braki. Pami\u0119taj, \u017ce mo\u017cesz wydrukowa\u0107 list\u0119, by zabra\u0107 j\u0105 do szko\u0142y czy dok\u0105d chcesz!<\/p>\n","protected":false},"author":1,"featured_media":4261,"parent":0,"menu_order":0,"comment_status":"closed","ping_status":"closed","template":"page-micoleccion-starwars.php","meta":{"footnotes":""},"class_list":["post-11","page","type-page","status-publish","has-post-thumbnail","hentry"],"_links":{"self":[{"href":"http:\/\/www.abatonsworld.com\/starwars-pl\/wp-json\/wp\/v2\/pages\/11","targetHints":{"allow":["GET"]}}],"collection":[{"href":"http:\/\/www.abatonsworld.com\/starwars-pl\/wp-json\/wp\/v2\/pages"}],"about":[{"href":"http:\/\/www.abatonsworld.com\/starwars-pl\/wp-json\/wp\/v2\/types\/page"}],"author":[{"embeddable":true,"href":"http:\/\/www.abatonsworld.com\/starwars-pl\/wp-json\/wp\/v2\/users\/1"}],"replies":[{"embeddable":true,"href":"http:\/\/www.abatonsworld.com\/starwars-pl\/wp-json\/wp\/v2\/comments?post=11"}],"version-history":[{"count":35,"href":"http:\/\/www.abatonsworld.com\/starwars-pl\/wp-json\/wp\/v2\/pages\/11\/revisions"}],"predecessor-version":[{"id":4283,"href":"http:\/\/www.abatonsworld.com\/starwars-pl\/wp-json\/wp\/v2\/pages\/11\/revisions\/4283"}],"wp:featuredmedia":[{"embeddable":true,"href":"http:\/\/www.abatonsworld.com\/starwars-pl\/wp-json\/wp\/v2\/media\/4261"}],"wp:attachment":[{"href":"http:\/\/www.abatonsworld.com\/starwars-pl\/wp-json\/wp\/v2\/media?parent=11"}],"curies":[{"name":"wp","href":"https:\/\/api.w.org\/{rel}","templated":true}]}}