{"id":8,"date":"2014-02-26T08:51:29","date_gmt":"2014-02-26T08:51:29","guid":{"rendered":"http:\/\/www.abatonsworld.com\/animalses\/?page_id=8"},"modified":"2015-10-15T08:45:56","modified_gmt":"2015-10-15T08:45:56","slug":"kim-sa-abatonowie","status":"publish","type":"page","link":"http:\/\/www.abatonsworld.com\/starwars-pl\/kim-sa-abatonowie\/","title":{"rendered":"Kim s\u0105 Abatonowie?"},"content":{"rendered":"<div>\t\t<div id=\"cptbc_83\" class=\"carousel slide\"  data-interval=\"5000\">\n\n\t\t\t\n\t\t\t<div class=\"carousel-inner\">\n\t\t\t\n\t\t\t\t<div class=\"item active\" id=\"cptbc-item-298\" >\n\t\t\t\t\t<img decoding=\"async\" src=\"http:\/\/www.abatonsworld.com\/starwars-pl\/wp-content\/uploads\/sites\/14\/2016\/01\/EpisodeI.jpg\" class=\"attachment-full size-full wp-post-image\" alt=\"\" srcset=\"http:\/\/www.abatonsworld.com\/starwars-pl\/wp-content\/uploads\/sites\/14\/2016\/01\/EpisodeI.jpg 792w, http:\/\/www.abatonsworld.com\/starwars-pl\/wp-content\/uploads\/sites\/14\/2016\/01\/EpisodeI-300x204.jpg 300w, http:\/\/www.abatonsworld.com\/starwars-pl\/wp-content\/uploads\/sites\/14\/2016\/01\/EpisodeI-215x146.jpg 215w, http:\/\/www.abatonsworld.com\/starwars-pl\/wp-content\/uploads\/sites\/14\/2016\/01\/EpisodeI-103x70.jpg 103w\" sizes=\"(max-width: 792px) 100vw, 792px\" \/><div class=\"carousel-caption\"><p>Ma\u0142y Anakin Skywalker jest niewolnikiem na planecie Tatooine, lecz gdy Jedi Qui-Gon Jinn odkrywa, \u017ce Moc jest w ch\u0142opcu silna, jego los odmienia si\u0119 na zawsze.<\/p><\/div>\t\t\t\t<\/div>\n\t\t\t\n\t\t\t\t<div class=\"item \" id=\"cptbc-item-4268\" >\n\t\t\t\t\t<img decoding=\"async\" src=\"http:\/\/www.abatonsworld.com\/starwars-pl\/wp-content\/uploads\/sites\/14\/2015\/08\/II-Jango.jpg\" class=\"attachment-full size-full wp-post-image\" alt=\"\" srcset=\"http:\/\/www.abatonsworld.com\/starwars-pl\/wp-content\/uploads\/sites\/14\/2015\/08\/II-Jango.jpg 792w, http:\/\/www.abatonsworld.com\/starwars-pl\/wp-content\/uploads\/sites\/14\/2015\/08\/II-Jango-300x204.jpg 300w, http:\/\/www.abatonsworld.com\/starwars-pl\/wp-content\/uploads\/sites\/14\/2015\/08\/II-Jango-215x146.jpg 215w, http:\/\/www.abatonsworld.com\/starwars-pl\/wp-content\/uploads\/sites\/14\/2015\/08\/II-Jango-103x70.jpg 103w\" sizes=\"(max-width: 792px) 100vw, 792px\" \/><div class=\"carousel-caption\"><p>Wybuch\u0142y wojny klon\u00f3w i Republika, kt\u00f3ra chyli si\u0119 ku upadkowi, walczy z separatystami, nie wiedz\u0105c, \u017ce prawdziwa bitwa toczy si\u0119  w jej wn\u0119trzu\u2026<\/p><\/div>\t\t\t\t<\/div>\n\t\t\t\n\t\t\t\t<div class=\"item \" id=\"cptbc-item-317\" >\n\t\t\t\t\t<img decoding=\"async\" src=\"http:\/\/www.abatonsworld.com\/starwars-pl\/wp-content\/uploads\/sites\/14\/2016\/01\/EpisodeIII.jpg\" class=\"attachment-full size-full wp-post-image\" alt=\"\" srcset=\"http:\/\/www.abatonsworld.com\/starwars-pl\/wp-content\/uploads\/sites\/14\/2016\/01\/EpisodeIII.jpg 792w, http:\/\/www.abatonsworld.com\/starwars-pl\/wp-content\/uploads\/sites\/14\/2016\/01\/EpisodeIII-300x204.jpg 300w, http:\/\/www.abatonsworld.com\/starwars-pl\/wp-content\/uploads\/sites\/14\/2016\/01\/EpisodeIII-215x146.jpg 215w, http:\/\/www.abatonsworld.com\/starwars-pl\/wp-content\/uploads\/sites\/14\/2016\/01\/EpisodeIII-103x70.jpg 103w\" sizes=\"(max-width: 792px) 100vw, 792px\" \/><div class=\"carousel-caption\"><p>Sithowie przysi\u0119gli zniszczy\u0107 zakon Jedi i maj\u0105 tajn\u0105 bro\u0144: rycerza Jedi Anakina Skywalkera, kt\u00f3rego skusi\u0142a ciemna strona Mocy.<\/p><\/div>\t\t\t\t<\/div>\n\t\t\t\n\t\t\t\t<div class=\"item \" id=\"cptbc-item-625\" >\n\t\t\t\t\t<img decoding=\"async\" src=\"http:\/\/www.abatonsworld.com\/starwars-pl\/wp-content\/uploads\/sites\/14\/2015\/08\/IV-Tattooine.jpg\" class=\"attachment-full size-full wp-post-image\" alt=\"\" srcset=\"http:\/\/www.abatonsworld.com\/starwars-pl\/wp-content\/uploads\/sites\/14\/2015\/08\/IV-Tattooine.jpg 792w, http:\/\/www.abatonsworld.com\/starwars-pl\/wp-content\/uploads\/sites\/14\/2015\/08\/IV-Tattooine-300x204.jpg 300w, http:\/\/www.abatonsworld.com\/starwars-pl\/wp-content\/uploads\/sites\/14\/2015\/08\/IV-Tattooine-215x146.jpg 215w, http:\/\/www.abatonsworld.com\/starwars-pl\/wp-content\/uploads\/sites\/14\/2015\/08\/IV-Tattooine-103x70.jpg 103w\" sizes=\"(max-width: 792px) 100vw, 792px\" \/><div class=\"carousel-caption\"><p>M\u0142ody Luke Skywalker zawsze pragn\u0105\u0142 wielkich przyg\u00f3d, ale gdy te pojawi\u0142y si\u0119 na jego drodze, przekona\u0142 si\u0119, jak wygl\u0105da \u017cycie poza Tatooine.<\/p><\/div>\t\t\t\t<\/div>\n\t\t\t\n\t\t\t\t<div class=\"item \" id=\"cptbc-item-294\" >\n\t\t\t\t\t<img decoding=\"async\" src=\"http:\/\/www.abatonsworld.com\/starwars-pl\/wp-content\/uploads\/sites\/14\/2016\/01\/EpisodeV.jpg\" class=\"attachment-full size-full wp-post-image\" alt=\"\" srcset=\"http:\/\/www.abatonsworld.com\/starwars-pl\/wp-content\/uploads\/sites\/14\/2016\/01\/EpisodeV.jpg 792w, http:\/\/www.abatonsworld.com\/starwars-pl\/wp-content\/uploads\/sites\/14\/2016\/01\/EpisodeV-300x204.jpg 300w, http:\/\/www.abatonsworld.com\/starwars-pl\/wp-content\/uploads\/sites\/14\/2016\/01\/EpisodeV-215x146.jpg 215w, http:\/\/www.abatonsworld.com\/starwars-pl\/wp-content\/uploads\/sites\/14\/2016\/01\/EpisodeV-103x70.jpg 103w\" sizes=\"(max-width: 792px) 100vw, 792px\" \/><div class=\"carousel-caption\"><p>Darth Vader nie pozwala rebeliantom zmierzy\u0107 si\u0119 z Imperatorem. U\u017cywa swojego sprytu i Mocy, by zapobiec powstaniu Jedi.<\/p><\/div>\t\t\t\t<\/div>\n\t\t\t\n\t\t\t\t<div class=\"item \" id=\"cptbc-item-627\" >\n\t\t\t\t\t<img decoding=\"async\" src=\"http:\/\/www.abatonsworld.com\/starwars-pl\/wp-content\/uploads\/sites\/14\/2015\/10\/Coming.jpg\" class=\"attachment-full size-full wp-post-image\" alt=\"\" srcset=\"http:\/\/www.abatonsworld.com\/starwars-pl\/wp-content\/uploads\/sites\/14\/2015\/10\/Coming.jpg 792w, http:\/\/www.abatonsworld.com\/starwars-pl\/wp-content\/uploads\/sites\/14\/2015\/10\/Coming-300x204.jpg 300w, http:\/\/www.abatonsworld.com\/starwars-pl\/wp-content\/uploads\/sites\/14\/2015\/10\/Coming-215x146.jpg 215w, http:\/\/www.abatonsworld.com\/starwars-pl\/wp-content\/uploads\/sites\/14\/2015\/10\/Coming-103x70.jpg 103w\" sizes=\"(max-width: 792px) 100vw, 792px\" \/><div class=\"carousel-caption\"><p>Jako jedyny Jedi, jaki pozosta\u0142 na \u015bwiecie, Luke mierzy si\u0119 z najwi\u0119kszym wyzwaniem: musi powstrzyma\u0107 okrutnego Imperatora i przywr\u00f3ci\u0107 pok\u00f3j w galaktyce.<\/p><\/div>\t\t\t\t<\/div>\n\t\t\t\n\t\t\t\t<div class=\"item \" id=\"cptbc-item-4188\" >\n\t\t\t\t\t<img decoding=\"async\" src=\"http:\/\/www.abatonsworld.com\/starwars-pl\/wp-content\/uploads\/sites\/14\/2015\/08\/VII-TheForceAwakens01.jpg\" class=\"attachment-full size-full wp-post-image\" alt=\"\" srcset=\"http:\/\/www.abatonsworld.com\/starwars-pl\/wp-content\/uploads\/sites\/14\/2015\/08\/VII-TheForceAwakens01.jpg 792w, http:\/\/www.abatonsworld.com\/starwars-pl\/wp-content\/uploads\/sites\/14\/2015\/08\/VII-TheForceAwakens01-300x204.jpg 300w, http:\/\/www.abatonsworld.com\/starwars-pl\/wp-content\/uploads\/sites\/14\/2015\/08\/VII-TheForceAwakens01-215x146.jpg 215w, http:\/\/www.abatonsworld.com\/starwars-pl\/wp-content\/uploads\/sites\/14\/2015\/08\/VII-TheForceAwakens01-103x70.jpg 103w\" sizes=\"(max-width: 792px) 100vw, 792px\" \/><div class=\"carousel-caption\"><p>Min\u0119\u0142o 30 lat od bitwy o Endor i upadku Imperium. Najwy\u017cszy Porz\u0105dek, organizacja za\u0142o\u017cona przez Imperium, walczy z ruchem oporu, jak nazywane s\u0105 resztki Sojuszu Rebeliant\u00f3w. Rysowane s\u0105 bitewne mapy, a gro\u017ana istota mo\u017ce znowu pogr\u0105\u017cy\u0107 galaktyk\u0119 w mroku, ale wszystko si\u0119  zmienia, gdy \u017co\u0142nierz, kt\u00f3ry zagubi\u0142 si\u0119 na odludnej planecie, wpada na kilka obcych os\u00f3b  i rozpoczyna wielk\u0105 misj\u0119, by odnale\u017a\u0107 najwi\u0119kszego  wojownika w galaktyce.<\/p><\/div>\t\t\t\t<\/div>\n\t\t\t\t\t\t<\/div>\n\n\t\t\t\t\t\t\t\t<a class=\"left carousel-control\" href=\"#cptbc_83\" data-slide=\"prev\">\u2039<\/a>\n\t\t\t\t\t<a class=\"right carousel-control\" href=\"#cptbc_83\" data-slide=\"next\">\u203a<\/a>\n\t\t\t\t\n\t\t<\/div>\n\n        \t\t<script type=\"text\/javascript\">\n\t\t\tjQuery(document).ready(function() {\n\t\t\t\tjQuery('#cptbc_83').carousel({\n\t\t\t\t\tinterval: 5000\t\t\t\t});\n\t\t\t});\n\t\t<\/script>\n        <\/div>\n","protected":false},"excerpt":{"rendered":"","protected":false},"author":1,"featured_media":0,"parent":0,"menu_order":0,"comment_status":"closed","ping_status":"closed","template":"page-rightsidebar-slider.php","meta":{"footnotes":""},"class_list":["post-8","page","type-page","status-publish","hentry"],"_links":{"self":[{"href":"http:\/\/www.abatonsworld.com\/starwars-pl\/wp-json\/wp\/v2\/pages\/8","targetHints":{"allow":["GET"]}}],"collection":[{"href":"http:\/\/www.abatonsworld.com\/starwars-pl\/wp-json\/wp\/v2\/pages"}],"about":[{"href":"http:\/\/www.abatonsworld.com\/starwars-pl\/wp-json\/wp\/v2\/types\/page"}],"author":[{"embeddable":true,"href":"http:\/\/www.abatonsworld.com\/starwars-pl\/wp-json\/wp\/v2\/users\/1"}],"replies":[{"embeddable":true,"href":"http:\/\/www.abatonsworld.com\/starwars-pl\/wp-json\/wp\/v2\/comments?post=8"}],"version-history":[{"count":5,"href":"http:\/\/www.abatonsworld.com\/starwars-pl\/wp-json\/wp\/v2\/pages\/8\/revisions"}],"predecessor-version":[{"id":4284,"href":"http:\/\/www.abatonsworld.com\/starwars-pl\/wp-json\/wp\/v2\/pages\/8\/revisions\/4284"}],"wp:attachment":[{"href":"http:\/\/www.abatonsworld.com\/starwars-pl\/wp-json\/wp\/v2\/media?parent=8"}],"curies":[{"name":"wp","href":"https:\/\/api.w.org\/{rel}","templated":true}]}}