{"id":8,"date":"2014-02-26T08:51:29","date_gmt":"2014-02-26T08:51:29","guid":{"rendered":"http:\/\/www.abatonsworld.com\/animalses\/?page_id=8"},"modified":"2016-02-05T09:29:30","modified_gmt":"2016-02-05T09:29:30","slug":"o-que-sao-os-abatons","status":"publish","type":"page","link":"http:\/\/www.abatonsworld.com\/starwars-pt\/o-que-sao-os-abatons\/","title":{"rendered":"O que s\u00e3o os Abatons?"},"content":{"rendered":"<div>\t\t<div id=\"cptbc_697\" class=\"carousel slide\"  data-interval=\"5000\">\n\n\t\t\t\n\t\t\t<div class=\"carousel-inner\">\n\t\t\t\n\t\t\t\t<div class=\"item active\" id=\"cptbc-item-298\" >\n\t\t\t\t\t<img decoding=\"async\" src=\"http:\/\/www.abatonsworld.com\/starwars-pt\/wp-content\/uploads\/sites\/31\/2016\/01\/EpisodeI.jpg\" class=\"attachment-full size-full wp-post-image\" alt=\"\" srcset=\"http:\/\/www.abatonsworld.com\/starwars-pt\/wp-content\/uploads\/sites\/31\/2016\/01\/EpisodeI.jpg 792w, http:\/\/www.abatonsworld.com\/starwars-pt\/wp-content\/uploads\/sites\/31\/2016\/01\/EpisodeI-300x204.jpg 300w, http:\/\/www.abatonsworld.com\/starwars-pt\/wp-content\/uploads\/sites\/31\/2016\/01\/EpisodeI-215x146.jpg 215w, http:\/\/www.abatonsworld.com\/starwars-pt\/wp-content\/uploads\/sites\/31\/2016\/01\/EpisodeI-103x70.jpg 103w\" sizes=\"(max-width: 792px) 100vw, 792px\" \/><div class=\"carousel-caption\"><p>O jovem Anakin Skywalker cresce como um escravo em Tatooine at\u00e9 que Jedi Qui-Gon Jinn descobre que\r\na For\u00e7a \u00e9 muito poderosa nele, o o seu destino muda para sempre.<\/p><\/div>\t\t\t\t<\/div>\n\t\t\t\n\t\t\t\t<div class=\"item \" id=\"cptbc-item-4268\" >\n\t\t\t\t\t<img decoding=\"async\" src=\"http:\/\/www.abatonsworld.com\/starwars-pt\/wp-content\/uploads\/sites\/31\/2015\/10\/Jango.jpg\" class=\"attachment-full size-full wp-post-image\" alt=\"\" srcset=\"http:\/\/www.abatonsworld.com\/starwars-pt\/wp-content\/uploads\/sites\/31\/2015\/10\/Jango.jpg 792w, http:\/\/www.abatonsworld.com\/starwars-pt\/wp-content\/uploads\/sites\/31\/2015\/10\/Jango-300x204.jpg 300w, http:\/\/www.abatonsworld.com\/starwars-pt\/wp-content\/uploads\/sites\/31\/2015\/10\/Jango-215x146.jpg 215w, http:\/\/www.abatonsworld.com\/starwars-pt\/wp-content\/uploads\/sites\/31\/2015\/10\/Jango-103x70.jpg 103w\" sizes=\"(max-width: 792px) 100vw, 792px\" \/><div class=\"carousel-caption\"><p>As Guerras dos Clones come\u00e7aram, e a Rep\u00fablica, desprovida de for\u00e7as, enfrenta os Separatistas sem saber que a batalha real se trava no seu pr\u00f3prio seio.<\/p><\/div>\t\t\t\t<\/div>\n\t\t\t\n\t\t\t\t<div class=\"item \" id=\"cptbc-item-317\" >\n\t\t\t\t\t<img decoding=\"async\" src=\"http:\/\/www.abatonsworld.com\/starwars-pt\/wp-content\/uploads\/sites\/31\/2016\/01\/EpisodeIII.jpg\" class=\"attachment-full size-full wp-post-image\" alt=\"\" srcset=\"http:\/\/www.abatonsworld.com\/starwars-pt\/wp-content\/uploads\/sites\/31\/2016\/01\/EpisodeIII.jpg 792w, http:\/\/www.abatonsworld.com\/starwars-pt\/wp-content\/uploads\/sites\/31\/2016\/01\/EpisodeIII-300x204.jpg 300w, http:\/\/www.abatonsworld.com\/starwars-pt\/wp-content\/uploads\/sites\/31\/2016\/01\/EpisodeIII-215x146.jpg 215w, http:\/\/www.abatonsworld.com\/starwars-pt\/wp-content\/uploads\/sites\/31\/2016\/01\/EpisodeIII-103x70.jpg 103w\" sizes=\"(max-width: 792px) 100vw, 792px\" \/><div class=\"carousel-caption\"><p>Os sith juraram destruir a Ordem Jedi e t\u00eam uma arma secreta para o conseguir: o cavaleiro Anakin Skywalker, seduzido pelo lado negro.<\/p><\/div>\t\t\t\t<\/div>\n\t\t\t\n\t\t\t\t<div class=\"item \" id=\"cptbc-item-625\" >\n\t\t\t\t\t<img decoding=\"async\" src=\"http:\/\/www.abatonsworld.com\/starwars-pt\/wp-content\/uploads\/sites\/31\/2014\/09\/Tattooine.jpg\" class=\"attachment-full size-full wp-post-image\" alt=\"\" srcset=\"http:\/\/www.abatonsworld.com\/starwars-pt\/wp-content\/uploads\/sites\/31\/2014\/09\/Tattooine.jpg 792w, http:\/\/www.abatonsworld.com\/starwars-pt\/wp-content\/uploads\/sites\/31\/2014\/09\/Tattooine-300x204.jpg 300w, http:\/\/www.abatonsworld.com\/starwars-pt\/wp-content\/uploads\/sites\/31\/2014\/09\/Tattooine-215x146.jpg 215w, http:\/\/www.abatonsworld.com\/starwars-pt\/wp-content\/uploads\/sites\/31\/2014\/09\/Tattooine-103x70.jpg 103w\" sizes=\"(max-width: 792px) 100vw, 792px\" \/><div class=\"carousel-caption\"><p>O jovem Luke Skywalker sempre quis viver grandes aventuras, mas quando o consegue, descobre a realidade para al\u00e9m de Tatooine.<\/p><\/div>\t\t\t\t<\/div>\n\t\t\t\n\t\t\t\t<div class=\"item \" id=\"cptbc-item-294\" >\n\t\t\t\t\t<img decoding=\"async\" src=\"http:\/\/www.abatonsworld.com\/starwars-pt\/wp-content\/uploads\/sites\/31\/2016\/01\/EpisodeV.jpg\" class=\"attachment-full size-full wp-post-image\" alt=\"\" srcset=\"http:\/\/www.abatonsworld.com\/starwars-pt\/wp-content\/uploads\/sites\/31\/2016\/01\/EpisodeV.jpg 792w, http:\/\/www.abatonsworld.com\/starwars-pt\/wp-content\/uploads\/sites\/31\/2016\/01\/EpisodeV-300x204.jpg 300w, http:\/\/www.abatonsworld.com\/starwars-pt\/wp-content\/uploads\/sites\/31\/2016\/01\/EpisodeV-215x146.jpg 215w, http:\/\/www.abatonsworld.com\/starwars-pt\/wp-content\/uploads\/sites\/31\/2016\/01\/EpisodeV-103x70.jpg 103w\" sizes=\"(max-width: 792px) 100vw, 792px\" \/><div class=\"carousel-caption\"><p>Darth Vader n\u00e3o vai permitir que a Rebeli\u00e3o enfrente o Imperador: usar\u00e1 a For\u00e7a e a ast\u00facia para impedir o ressurgir dos jedi.<\/p><\/div>\t\t\t\t<\/div>\n\t\t\t\n\t\t\t\t<div class=\"item \" id=\"cptbc-item-627\" >\n\t\t\t\t\t<img decoding=\"async\" src=\"http:\/\/www.abatonsworld.com\/starwars-pt\/wp-content\/uploads\/sites\/31\/2015\/09\/6.jpg\" class=\"attachment-full size-full wp-post-image\" alt=\"\" srcset=\"http:\/\/www.abatonsworld.com\/starwars-pt\/wp-content\/uploads\/sites\/31\/2015\/09\/6.jpg 792w, http:\/\/www.abatonsworld.com\/starwars-pt\/wp-content\/uploads\/sites\/31\/2015\/09\/6-300x204.jpg 300w, http:\/\/www.abatonsworld.com\/starwars-pt\/wp-content\/uploads\/sites\/31\/2015\/09\/6-215x146.jpg 215w, http:\/\/www.abatonsworld.com\/starwars-pt\/wp-content\/uploads\/sites\/31\/2015\/09\/6-103x70.jpg 103w\" sizes=\"(max-width: 792px) 100vw, 792px\" \/><div class=\"carousel-caption\"><p>\u00danico herdeiro da tradi\u00e7\u00e3o dos jedi, Luke enfrenta o seu maior desafio: acabar com a maldade do Imperador e devolver a paz \u00e0 gal\u00e1xia.<\/p><\/div>\t\t\t\t<\/div>\n\t\t\t\n\t\t\t\t<div class=\"item \" id=\"cptbc-item-4188\" >\n\t\t\t\t\t<img decoding=\"async\" src=\"http:\/\/www.abatonsworld.com\/starwars-pt\/wp-content\/uploads\/sites\/31\/2015\/08\/TheForceAwakens01.jpg\" class=\"attachment-full size-full wp-post-image\" alt=\"\" srcset=\"http:\/\/www.abatonsworld.com\/starwars-pt\/wp-content\/uploads\/sites\/31\/2015\/08\/TheForceAwakens01.jpg 792w, http:\/\/www.abatonsworld.com\/starwars-pt\/wp-content\/uploads\/sites\/31\/2015\/08\/TheForceAwakens01-300x204.jpg 300w, http:\/\/www.abatonsworld.com\/starwars-pt\/wp-content\/uploads\/sites\/31\/2015\/08\/TheForceAwakens01-215x146.jpg 215w, http:\/\/www.abatonsworld.com\/starwars-pt\/wp-content\/uploads\/sites\/31\/2015\/08\/TheForceAwakens01-103x70.jpg 103w\" sizes=\"(max-width: 792px) 100vw, 792px\" \/><div class=\"carousel-caption\"><p>Passaram 30 anos desde a Batalha de Endor e a Queda do Imp\u00e9rio. Mas a Primeira Ordem, uma organiza\u00e7\u00e3o nascida do Imp\u00e9rio, continua envolvida numa \u00e1rdua luta contra a Resist\u00eancia, nome pelo qual s\u00e3o atualmente conhecidos os herdeiros da Rebeli\u00e3o ou Alian\u00e7a Rebelde. As fa\u00e7\u00f5es parecem bem definidas e uma sinistra presen\u00e7a amea\u00e7a voltar a cobrir a gal\u00e1xia de trevas, mas tudo muda quando um soldado de assalto perdido num planeta distante encontra uns desconhecidos e empreende uma miss\u00e3o \u00e9pica \u00e0 procura do melhor guerreiro da gal\u00e1xia.<\/p><\/div>\t\t\t\t<\/div>\n\t\t\t\t\t\t<\/div>\n\n\t\t\t\t\t\t\t\t<a class=\"left carousel-control\" href=\"#cptbc_697\" data-slide=\"prev\">\u2039<\/a>\n\t\t\t\t\t<a class=\"right carousel-control\" href=\"#cptbc_697\" data-slide=\"next\">\u203a<\/a>\n\t\t\t\t\n\t\t<\/div>\n\n        \t\t<script type=\"text\/javascript\">\n\t\t\tjQuery(document).ready(function() {\n\t\t\t\tjQuery('#cptbc_697').carousel({\n\t\t\t\t\tinterval: 5000\t\t\t\t});\n\t\t\t});\n\t\t<\/script>\n        <\/div>\n","protected":false},"excerpt":{"rendered":"","protected":false},"author":1,"featured_media":0,"parent":0,"menu_order":0,"comment_status":"closed","ping_status":"closed","template":"page-rightsidebar-slider.php","meta":{"footnotes":""},"class_list":["post-8","page","type-page","status-publish","hentry"],"_links":{"self":[{"href":"http:\/\/www.abatonsworld.com\/starwars-pt\/wp-json\/wp\/v2\/pages\/8","targetHints":{"allow":["GET"]}}],"collection":[{"href":"http:\/\/www.abatonsworld.com\/starwars-pt\/wp-json\/wp\/v2\/pages"}],"about":[{"href":"http:\/\/www.abatonsworld.com\/starwars-pt\/wp-json\/wp\/v2\/types\/page"}],"author":[{"embeddable":true,"href":"http:\/\/www.abatonsworld.com\/starwars-pt\/wp-json\/wp\/v2\/users\/1"}],"replies":[{"embeddable":true,"href":"http:\/\/www.abatonsworld.com\/starwars-pt\/wp-json\/wp\/v2\/comments?post=8"}],"version-history":[{"count":6,"href":"http:\/\/www.abatonsworld.com\/starwars-pt\/wp-json\/wp\/v2\/pages\/8\/revisions"}],"predecessor-version":[{"id":4354,"href":"http:\/\/www.abatonsworld.com\/starwars-pt\/wp-json\/wp\/v2\/pages\/8\/revisions\/4354"}],"wp:attachment":[{"href":"http:\/\/www.abatonsworld.com\/starwars-pt\/wp-json\/wp\/v2\/media?parent=8"}],"curies":[{"name":"wp","href":"https:\/\/api.w.org\/{rel}","templated":true}]}}