{"id":8,"date":"2014-02-26T08:51:29","date_gmt":"2014-02-26T08:51:29","guid":{"rendered":"http:\/\/www.abatonsworld.com\/es\/?page_id=8"},"modified":"2014-03-28T11:01:12","modified_gmt":"2014-03-28T11:01:12","slug":"de-donde-vienen-los-abatons","status":"publish","type":"page","link":"https:\/\/www.abatonsworld.com\/es\/de-donde-vienen-los-abatons\/","title":{"rendered":"\u00bfde d\u00f3nde vienen los abatons?"},"content":{"rendered":"<div>\t\t<div id=\"cptbc_615\" class=\"carousel slide\"  data-interval=\"5000\">\n\n\t\t\t\n\t\t\t<div class=\"carousel-inner\">\n\t\t\t\n\t\t\t\t<div class=\"item active\" id=\"cptbc-item-625\" >\n\t\t\t\t\t<a href=\"http:\/\/www.abatonsworld.com\/es\/blog\/tribu\/kamayak\/\"><img decoding=\"async\" src=\"https:\/\/www.abatonsworld.com\/es\/wp-content\/uploads\/sites\/13\/2014\/09\/Kamayak_Illustration.jpg\" class=\"attachment-full size-full wp-post-image\" alt=\"\" srcset=\"https:\/\/www.abatonsworld.com\/es\/wp-content\/uploads\/sites\/13\/2014\/09\/Kamayak_Illustration.jpg 792w, https:\/\/www.abatonsworld.com\/es\/wp-content\/uploads\/sites\/13\/2014\/09\/Kamayak_Illustration-300x204.jpg 300w, https:\/\/www.abatonsworld.com\/es\/wp-content\/uploads\/sites\/13\/2014\/09\/Kamayak_Illustration-215x146.jpg 215w, https:\/\/www.abatonsworld.com\/es\/wp-content\/uploads\/sites\/13\/2014\/09\/Kamayak_Illustration-103x70.jpg 103w\" sizes=\"(max-width: 792px) 100vw, 792px\" \/><\/a><div class=\"carousel-caption\"><p><a href=\"http:\/\/www.abatonsworld.com\/es\/blog\/tribu\/kamayak\/\">La cultura Maya, que ha sido una de las culturas mas admirada y estudiada, resulta tener el inicio de tal y como la conocemos hoy, en la tribu Abaton de Color f\u00facsia, los Kamayak.\r\nQue tu poder sea el sonido Abatons puede ser dif\u00edcil de\r\nentender hasta que te encuentras con el primer KAMAYAK.\r\nSon supersociables y son lo mejor en cuanto a m\u00fasica y\r\nespect\u00e1culo se refiere, pero como eso hace que tengan\r\ntemperamentos un poco art\u00edsticos... \u00a1en general es mejor\r\ncaerles bien que enfrentarse a su furia, porque la situaci\u00f3n\r\npuede pasar de la comedia a la tragedia muy r\u00e1pidamente!\r\nSon de los ABATONS que m\u00e1s se han dejado ver, simplemente\r\nporque no pueden resistirse ni a un gran aplauso ni a un poco\r\nde m\u00fasica, da igual el ritmo siempre que se toque con emoci\u00f3n.<\/a><\/p><\/div>\t\t\t\t<\/div>\n\t\t\t\n\t\t\t\t<div class=\"item \" id=\"cptbc-item-298\" >\n\t\t\t\t\t<a href=\"http:\/\/www.abatonsworld.com\/es\/blog\/tribu\/tuttenet\/\"><img decoding=\"async\" src=\"https:\/\/www.abatonsworld.com\/es\/wp-content\/uploads\/sites\/13\/2014\/03\/historia-02.jpg\" class=\"attachment-full size-full wp-post-image\" alt=\"\" srcset=\"https:\/\/www.abatonsworld.com\/es\/wp-content\/uploads\/sites\/13\/2014\/03\/historia-02.jpg 792w, https:\/\/www.abatonsworld.com\/es\/wp-content\/uploads\/sites\/13\/2014\/03\/historia-02-300x204.jpg 300w, https:\/\/www.abatonsworld.com\/es\/wp-content\/uploads\/sites\/13\/2014\/03\/historia-02-215x146.jpg 215w, https:\/\/www.abatonsworld.com\/es\/wp-content\/uploads\/sites\/13\/2014\/03\/historia-02-103x70.jpg 103w\" sizes=\"(max-width: 792px) 100vw, 792px\" \/><\/a><div class=\"carousel-caption\"><p><a href=\"http:\/\/www.abatonsworld.com\/es\/blog\/tribu\/tuttenet\/\">Por ejemplo, los Tuttenet visitaron Egipto durante la \u00e9poca de los faraones.\r\nConviene no olvidar que los Abatons provienen de una\r\ncivilizaci\u00f3n mucho m\u00e1s avanzada que la humana, y entre\r\nellos los Tuttenet se encuentran entre los que dominan\r\nm\u00e1s disciplinas. Eso les hace ser un poco orgullosos, pero,\r\ncomo aprendieron los antiguos egipcios, si les dejas que\r\nte expliquen de qu\u00e9 va su TRIBU, no tienen problema en\r\ncompartir sus conocimientos, aunque siempre lo hagan\r\nponi\u00e9ndole un poquito de misterio.<\/a><\/p><\/div>\t\t\t\t<\/div>\n\t\t\t\n\t\t\t\t<div class=\"item \" id=\"cptbc-item-621\" >\n\t\t\t\t\t<a href=\"http:\/\/www.abatonsworld.com\/es\/blog\/tribu\/polyweep\/\"><img decoding=\"async\" src=\"https:\/\/www.abatonsworld.com\/es\/wp-content\/uploads\/sites\/13\/2014\/09\/Polyweep_Illustration.jpg\" class=\"attachment-full size-full wp-post-image\" alt=\"\" srcset=\"https:\/\/www.abatonsworld.com\/es\/wp-content\/uploads\/sites\/13\/2014\/09\/Polyweep_Illustration.jpg 792w, https:\/\/www.abatonsworld.com\/es\/wp-content\/uploads\/sites\/13\/2014\/09\/Polyweep_Illustration-300x204.jpg 300w, https:\/\/www.abatonsworld.com\/es\/wp-content\/uploads\/sites\/13\/2014\/09\/Polyweep_Illustration-215x146.jpg 215w, https:\/\/www.abatonsworld.com\/es\/wp-content\/uploads\/sites\/13\/2014\/09\/Polyweep_Illustration-103x70.jpg 103w\" sizes=\"(max-width: 792px) 100vw, 792px\" \/><\/a><div class=\"carousel-caption\"><p><a href=\"http:\/\/www.abatonsworld.com\/es\/blog\/tribu\/polyweep\/\">Los POLYWEEP influyeron tanto en la indumentaria, en tradiciones, en rituales o incluso en los bailes de una cultura tan caracter\u00edstica como la Polinesia. \r\nA los POLYWEEP les vale cualquier sitio mientras haya agua:\r\nr\u00edo, lago o arroyo , pero donde disfrutan m\u00e1s es en el inmenso\r\noc\u00e9ano. Las tribus polinesias tambi\u00e9n lo aprecian, lo que es\r\nnormal cuando te toca subirte a una canoa para todo, hasta\r\npara visitar a la familia. Entre una isla y otra, se encontraron\r\ncon los POLYWEEP y les parecieron geniales: por eso sobre\r\nsus caba\u00f1as siempre aparecen remates en forma de altos\r\nT\u00d3TEMS, que a menudo se ven desde el mar e invitan\r\na los POLYWEEP a hacerles una visita.<\/a><\/p><\/div>\t\t\t\t<\/div>\n\t\t\t\n\t\t\t\t<div class=\"item \" id=\"cptbc-item-317\" >\n\t\t\t\t\t<a href=\"http:\/\/www.abatonsworld.com\/es\/blog\/tribu\/monglom\/\"><img decoding=\"async\" src=\"https:\/\/www.abatonsworld.com\/es\/wp-content\/uploads\/sites\/13\/2014\/03\/historia-04.jpg\" class=\"attachment-full size-full wp-post-image\" alt=\"\" srcset=\"https:\/\/www.abatonsworld.com\/es\/wp-content\/uploads\/sites\/13\/2014\/03\/historia-04.jpg 792w, https:\/\/www.abatonsworld.com\/es\/wp-content\/uploads\/sites\/13\/2014\/03\/historia-04-300x204.jpg 300w, https:\/\/www.abatonsworld.com\/es\/wp-content\/uploads\/sites\/13\/2014\/03\/historia-04-215x146.jpg 215w, https:\/\/www.abatonsworld.com\/es\/wp-content\/uploads\/sites\/13\/2014\/03\/historia-04-103x70.jpg 103w, https:\/\/www.abatonsworld.com\/es\/wp-content\/uploads\/sites\/13\/2014\/03\/historia-04-745x509.jpg 745w\" sizes=\"(max-width: 792px) 100vw, 792px\" \/><\/a><div class=\"carousel-caption\"><p><a href=\"http:\/\/www.abatonsworld.com\/es\/blog\/tribu\/monglom\/\">Los antiguos guerreros mongoles subieron un d\u00eda a sus\r\ncaballos... \u00a1y conquistaron medio mundo! Eso hace pensar\r\nque la tribu de los mongl Om es muy violenta, pero en\r\nrealidad, m\u00e1s bien son dados a pensarse muy bien las cosas\r\nantes de actuar. Eso s\u00ed, aunque sean muy fr\u00edos, cuando\r\nla mecha se enciende, mejor apartarse porque la explosi\u00f3n\r\nest\u00e1 garantizada. Eso pas\u00f3 con los conquistadores mongoles\r\ny esa es la lecci\u00f3n de los monglom : \u00a1resp\u00e9talos o atente\r\na las consecuencias...!<\/a><\/p><\/div>\t\t\t\t<\/div>\n\t\t\t\n\t\t\t\t<div class=\"item \" id=\"cptbc-item-315\" >\n\t\t\t\t\t<a href=\"http:\/\/www.abatonsworld.com\/es\/blog\/tribu\/zatecaz\/\"><img decoding=\"async\" src=\"https:\/\/www.abatonsworld.com\/es\/wp-content\/uploads\/sites\/13\/2014\/03\/Zaztecaz_Illustration.jpg\" class=\"attachment-full size-full wp-post-image\" alt=\"\" srcset=\"https:\/\/www.abatonsworld.com\/es\/wp-content\/uploads\/sites\/13\/2014\/03\/Zaztecaz_Illustration.jpg 792w, https:\/\/www.abatonsworld.com\/es\/wp-content\/uploads\/sites\/13\/2014\/03\/Zaztecaz_Illustration-300x204.jpg 300w, https:\/\/www.abatonsworld.com\/es\/wp-content\/uploads\/sites\/13\/2014\/03\/Zaztecaz_Illustration-215x146.jpg 215w, https:\/\/www.abatonsworld.com\/es\/wp-content\/uploads\/sites\/13\/2014\/03\/Zaztecaz_Illustration-103x70.jpg 103w\" sizes=\"(max-width: 792px) 100vw, 792px\" \/><\/a><div class=\"carousel-caption\"><p><a href=\"http:\/\/www.abatonsworld.com\/es\/blog\/tribu\/zatecaz\/\">Los zaztecas estuvieron en M\u00e9xico en el siglo XIV. Y durante su estancia influyeron profundamente en los Aztecas.Principalmente en su apariencia.\r\nLos antiguos aztecas destacaron en las construcciones y la\r\norganizaci\u00f3n, pero es sabido que ten\u00edan bastante genio. Quiz\u00e1\r\npor eso los Abatons con los que se relacionaron m\u00e1s fueron los\r\nZAZTECAZ, que se caracterizan por lo mismo. En los rincones de\r\nlas piedras talladas que decoran sus pir\u00e1mides escalonadas es\r\nf\u00e1cil encontrar sus t\u00f3tems, algunos m\u00e1s que otros porque, por\r\nejemplo, a Zydecola y a Ziggy les gusta posar, pero a Zuma si no se\r\nle ve, mejor para su trabajo secreto. Est\u00e1 claro que los ZAZTECAZ\r\nexplicaron alguno de sus secretos, pero los aztecas no lo dejaron\r\nescrito y nadie sabe qu\u00e9 misterios pudieron ser.\r\n<\/a><\/p><\/div>\t\t\t\t<\/div>\n\t\t\t\n\t\t\t\t<div class=\"item \" id=\"cptbc-item-294\" >\n\t\t\t\t\t<a href=\"http:\/\/www.abatonsworld.com\/es\/blog\/tribu\/uluzu\/\"><img decoding=\"async\" src=\"https:\/\/www.abatonsworld.com\/es\/wp-content\/uploads\/sites\/13\/2014\/03\/historia-01.jpg\" class=\"attachment-full size-full wp-post-image\" alt=\"\" srcset=\"https:\/\/www.abatonsworld.com\/es\/wp-content\/uploads\/sites\/13\/2014\/03\/historia-01.jpg 792w, https:\/\/www.abatonsworld.com\/es\/wp-content\/uploads\/sites\/13\/2014\/03\/historia-01-300x204.jpg 300w, https:\/\/www.abatonsworld.com\/es\/wp-content\/uploads\/sites\/13\/2014\/03\/historia-01-215x146.jpg 215w, https:\/\/www.abatonsworld.com\/es\/wp-content\/uploads\/sites\/13\/2014\/03\/historia-01-103x70.jpg 103w\" sizes=\"(max-width: 792px) 100vw, 792px\" \/><\/a><div class=\"carousel-caption\"><p><a href=\"http:\/\/www.abatonsworld.com\/es\/blog\/tribu\/uluzu\/\">Los Abatons son seres especiales que han permanecido entre nosotros desde tiempos antiguos. Los Abatons proceden de un lugar diferente, no son del planeta Tierra. Los Abatons visitaron la Tierra en varias ocasiones a lo largo de nuestra Historia.\r\nLos Uluzu son en general amables, y se sabe que son\r\nlos Abatons que han visitado a los humanos desde hace\r\nm\u00e1s tiempo y con m\u00e1s frecuencia, y ah\u00ed est\u00e1n todas las\r\npinturas primitivas, m\u00e1scaras o grabados en piedra que dan\r\ntestimonio. Casi la mitad de los T\u00d3TEMS recuerdan un poco\r\na un Uluzu, pero el caso es que no han estado en todas\r\npartes, es solo que tienen mucha fama porque pronto corri\u00f3\r\nla voz de que siempre estaban dispuestos a echar una mano\r\na quien se encontraran. \u00a1Son superpopulares!<\/a><\/p><\/div>\t\t\t\t<\/div>\n\t\t\t\n\t\t\t\t<div class=\"item \" id=\"cptbc-item-627\" >\n\t\t\t\t\t<a href=\"http:\/\/www.abatonsworld.com\/es\/blog\/tribu\/apachakota\/\"><img decoding=\"async\" src=\"https:\/\/www.abatonsworld.com\/es\/wp-content\/uploads\/sites\/13\/2014\/09\/Apachakota_Illustration.jpg\" class=\"attachment-full size-full wp-post-image\" alt=\"\" srcset=\"https:\/\/www.abatonsworld.com\/es\/wp-content\/uploads\/sites\/13\/2014\/09\/Apachakota_Illustration.jpg 792w, https:\/\/www.abatonsworld.com\/es\/wp-content\/uploads\/sites\/13\/2014\/09\/Apachakota_Illustration-300x204.jpg 300w, https:\/\/www.abatonsworld.com\/es\/wp-content\/uploads\/sites\/13\/2014\/09\/Apachakota_Illustration-215x146.jpg 215w, https:\/\/www.abatonsworld.com\/es\/wp-content\/uploads\/sites\/13\/2014\/09\/Apachakota_Illustration-103x70.jpg 103w\" sizes=\"(max-width: 792px) 100vw, 792px\" \/><\/a><div class=\"carousel-caption\"><p><a href=\"http:\/\/www.abatonsworld.com\/es\/blog\/tribu\/apachakota\/\">Todo el mundo sabe que fue Crist\u00f3bal Col\u00f3n el que descubri\u00f3 Am\u00e9rica, lo que no todos saben es que antes de esa visita, los Apachakota ya habian visitado \"El Nuevo Continente\".\r\nLos APACHAKOTA est\u00e1n en perfecta sinton\u00eda con la naturaleza, y no hay rastro que no puedan seguir, fen\u00f3meno que no sepan interpretar ni caza que se les escape. Por eso fueron muchas las tribus de indios norteamericanos que intentaron imitarles con m\u00e1s o menos \u00e9xito... y por eso ten\u00edan pasi\u00f3n por los T\u00d3TEMS . Pensaban que podr\u00edan obtener tambi\u00e9n su poder sobre el clima, pero aunque la danza les sal\u00eda, el poder... \u00a1es cosa de los Abatons!<\/a><\/p><\/div>\t\t\t\t<\/div>\n\t\t\t\n\t\t\t\t<div class=\"item \" id=\"cptbc-item-623\" >\n\t\t\t\t\t<a href=\"http:\/\/www.abatonsworld.com\/es\/blog\/tribu\/scandivikis\/\"><img decoding=\"async\" src=\"https:\/\/www.abatonsworld.com\/es\/wp-content\/uploads\/sites\/13\/2014\/09\/Skandivikis_Illustration.jpg\" class=\"attachment-full size-full wp-post-image\" alt=\"\" srcset=\"https:\/\/www.abatonsworld.com\/es\/wp-content\/uploads\/sites\/13\/2014\/09\/Skandivikis_Illustration.jpg 792w, https:\/\/www.abatonsworld.com\/es\/wp-content\/uploads\/sites\/13\/2014\/09\/Skandivikis_Illustration-300x204.jpg 300w, https:\/\/www.abatonsworld.com\/es\/wp-content\/uploads\/sites\/13\/2014\/09\/Skandivikis_Illustration-215x146.jpg 215w, https:\/\/www.abatonsworld.com\/es\/wp-content\/uploads\/sites\/13\/2014\/09\/Skandivikis_Illustration-103x70.jpg 103w\" sizes=\"(max-width: 792px) 100vw, 792px\" \/><\/a><div class=\"carousel-caption\"><p><a href=\"http:\/\/www.abatonsworld.com\/es\/blog\/tribu\/scandivikis\/\">En peque\u00f1os circulos cercanos a la historia de los Abatons, se habla que los causantes, de que los Vikingos exploraran m\u00e1s all\u00e1 de aguas norte\u00f1as, fueron los SKANDIVIKIS.\r\nDice Snorri, el fil\u00f3sofo de los Skandivikis, que pocos pueblos\r\ncomo los antiguos vikingos supieron entender mejor a\r\nlos Abatons. Quiz\u00e1 por eso fueron de las tribus que m\u00e1s\r\nvisitaron y es f\u00e1cil encontrar las siluetas de sus t\u00d3tems\r\nen medio de las tallas de madera o los grabados en piedra\r\npor los que los vikingos son famosos. \u00bfPor qu\u00e9? Porque los\r\nantiguos vikingos y los SKANDIVIKIS ten\u00edan la misma pasi\u00f3n\r\npor los desaf\u00edos: si alguno lanzaba un reto... \u00a1all\u00ed estaban\r\ntodos los dem\u00e1s, vikingos y Abatons para conseguirlo!<\/a><\/p><\/div>\t\t\t\t<\/div>\n\t\t\t\t\t\t<\/div>\n\n\t\t\t\t\t\t\t\t<a class=\"left carousel-control\" href=\"#cptbc_615\" data-slide=\"prev\">\u2039<\/a>\n\t\t\t\t\t<a class=\"right carousel-control\" href=\"#cptbc_615\" data-slide=\"next\">\u203a<\/a>\n\t\t\t\t\n\t\t<\/div>\n\n        \t\t<script type=\"text\/javascript\">\n\t\t\tjQuery(document).ready(function() {\n\t\t\t\tjQuery('#cptbc_615').carousel({\n\t\t\t\t\tinterval: 5000\t\t\t\t});\n\t\t\t});\n\t\t<\/script>\n        <\/div>\n","protected":false},"excerpt":{"rendered":"","protected":false},"author":1,"featured_media":0,"parent":0,"menu_order":0,"comment_status":"closed","ping_status":"closed","template":"page-rightsidebar-slider.php","meta":{"footnotes":""},"class_list":["post-8","page","type-page","status-publish","hentry"],"_links":{"self":[{"href":"https:\/\/www.abatonsworld.com\/es\/wp-json\/wp\/v2\/pages\/8","targetHints":{"allow":["GET"]}}],"collection":[{"href":"https:\/\/www.abatonsworld.com\/es\/wp-json\/wp\/v2\/pages"}],"about":[{"href":"https:\/\/www.abatonsworld.com\/es\/wp-json\/wp\/v2\/types\/page"}],"author":[{"embeddable":true,"href":"https:\/\/www.abatonsworld.com\/es\/wp-json\/wp\/v2\/users\/1"}],"replies":[{"embeddable":true,"href":"https:\/\/www.abatonsworld.com\/es\/wp-json\/wp\/v2\/comments?post=8"}],"version-history":[{"count":4,"href":"https:\/\/www.abatonsworld.com\/es\/wp-json\/wp\/v2\/pages\/8\/revisions"}],"predecessor-version":[{"id":297,"href":"https:\/\/www.abatonsworld.com\/es\/wp-json\/wp\/v2\/pages\/8\/revisions\/297"}],"wp:attachment":[{"href":"https:\/\/www.abatonsworld.com\/es\/wp-json\/wp\/v2\/media?parent=8"}],"curies":[{"name":"wp","href":"https:\/\/api.w.org\/{rel}","templated":true}]}}